{"id":562,"date":"2026-01-06T06:32:31","date_gmt":"2026-01-06T06:32:31","guid":{"rendered":"https:\/\/pin-oven-chain.com\/?post_type=product&#038;p=562"},"modified":"2026-01-07T08:40:00","modified_gmt":"2026-01-07T08:40:00","slug":"day-xich-kep-voi-kep-nut-loai-gh","status":"publish","type":"product","link":"https:\/\/pin-oven-chain.com\/vi\/san-pham\/day-xich-kep-voi-kep-nut-loai-gh\/","title":{"rendered":"D\u00e2y x\u00edch k\u1eb9p v\u1edbi k\u1eb9p n\u00fat lo\u1ea1i G\/H"},"content":{"rendered":"<h2>Th\u00f4ng s\u1ed1 k\u1ef9 thu\u1eadt c\u1ee7a d\u00e2y x\u00edch k\u1eb9p n\u00fat<\/h2>\n<h3>K\u1eb9p n\u00fat lo\u1ea1i G<\/h3>\n<div style=\"overflow-x: auto;\">\n<table style=\"max-width: 100%; overflow-x: auto;\" border=\"1\">\n<tbody>\n<tr>\n<td width=\"187\">M\u00e3 HZPT<\/td>\n<td width=\"114\">DIN\/ISO<\/td>\n<td colspan=\"3\" width=\"277\">V\u1eadt li\u1ec7u<\/td>\n<td width=\"75\">S\u00e2n b\u00f3ng \u0111\u00e1<\/td>\n<td width=\"125\">Chi\u1ec1u r\u1ed9ng b\u00ean trong<\/td>\n<td width=\"109\">\u0110\u01b0\u1eddng k\u00ednh con l\u0103n<\/td>\n<td colspan=\"2\" width=\"223\">K\u1eb9p di chuy\u1ec3n<\/td>\n<td width=\"125\">L\u1ef1c k\u1eb9p<\/td>\n<td width=\"167\">\u0110\u1ed9 b\u1ec1n k\u00e9o<\/td>\n<\/tr>\n<tr>\n<td width=\"187\"><\/td>\n<td width=\"114\"><\/td>\n<td width=\"118\">Chu\u1ed7i c\u01a1 s\u1edf<\/td>\n<td width=\"80\">K\u1eb9p<\/td>\n<td width=\"78\">M\u00f9a xu\u00e2n<\/td>\n<td width=\"75\">P<br \/>\nmm<\/td>\n<td width=\"125\">b1 T\u1ed1i \u0111a<br \/>\nmm<\/td>\n<td width=\"109\">d1 T\u1ed1i \u0111a<br \/>\nmm<\/td>\n<td width=\"106\">Tr\u1ee5c x d\u1ecdc<br \/>\nmm<\/td>\n<td width=\"117\">Theo ph\u01b0\u01a1ng ngang<br \/>\nmm<\/td>\n<td width=\"125\">Ki\u1ec3m so\u00e1t ch\u1ea5t l\u01b0\u1ee3ng<br \/>\nN<\/td>\n<td width=\"167\">Q Min.<br \/>\nkN<\/td>\n<\/tr>\n<tr>\n<td rowspan=\"2\" width=\"187\">10B1GC-G<\/td>\n<td width=\"114\">10B-1<\/td>\n<td width=\"118\">SS<\/td>\n<td width=\"80\">SS<\/td>\n<td width=\"78\">SS<\/td>\n<td width=\"75\">15.875<\/td>\n<td width=\"125\">9.65<\/td>\n<td width=\"109\">10.16<\/td>\n<td width=\"106\">3.3<\/td>\n<td width=\"117\">\u4e00<\/td>\n<td width=\"125\">80<\/td>\n<td width=\"167\">18.5<\/td>\n<\/tr>\n<tr>\n<td width=\"114\">10B-1<\/td>\n<td width=\"118\">NP<\/td>\n<td width=\"80\">SS<\/td>\n<td width=\"78\">SS<\/td>\n<td width=\"75\">15.875<\/td>\n<td width=\"125\">9.65<\/td>\n<td width=\"109\">10.16<\/td>\n<td width=\"106\">3.3<\/td>\n<td width=\"117\">\u4e00<\/td>\n<td width=\"125\">80<\/td>\n<td width=\"167\">22.4<\/td>\n<\/tr>\n<\/tbody>\n<\/table>\n<\/div>\n<h3>K\u1eb9p n\u00fat lo\u1ea1i H<\/h3>\n<div style=\"overflow-x: auto;\">\n<table style=\"max-width: 100%; overflow-x: auto;\" border=\"1\">\n<tbody>\n<tr>\n<td width=\"189\">M\u00e3 HZPT<\/td>\n<td width=\"111\">DIN\/ISO<\/td>\n<td colspan=\"3\" width=\"277\">V\u1eadt li\u1ec7u<\/td>\n<td width=\"78\">S\u00e2n b\u00f3ng \u0111\u00e1<\/td>\n<td width=\"125\">Chi\u1ec1u r\u1ed9ng b\u00ean trong<\/td>\n<td width=\"108\">\u0110\u01b0\u1eddng k\u00ednh con l\u0103n<\/td>\n<td colspan=\"2\" width=\"225\">K\u1eb9p di chuy\u1ec3n<\/td>\n<td width=\"128\">L\u1ef1c k\u1eb9p<\/td>\n<td width=\"167\">\u0110\u1ed9 b\u1ec1n k\u00e9o<\/td>\n<\/tr>\n<tr>\n<td width=\"189\"><\/td>\n<td width=\"111\"><\/td>\n<td width=\"117\">Chu\u1ed7i c\u01a1 s\u1edf<\/td>\n<td width=\"84\">K\u1eb9p<\/td>\n<td width=\"75\">M\u00f9a xu\u00e2n<\/td>\n<td width=\"78\">P<br \/>\nmm<\/td>\n<td width=\"125\">b1 T\u1ed1i \u0111a<br \/>\nmm<\/td>\n<td width=\"108\">d1 T\u1ed1i \u0111a<br \/>\nmm<\/td>\n<td width=\"106\">Tr\u1ee5c x d\u1ecdc<br \/>\nmm<\/td>\n<td width=\"119\">Theo ph\u01b0\u01a1ng ngang<br \/>\nmm<\/td>\n<td width=\"128\">Ki\u1ec3m so\u00e1t ch\u1ea5t l\u01b0\u1ee3ng<br \/>\nN<\/td>\n<td width=\"167\">Q Min.<br \/>\nkN<\/td>\n<\/tr>\n<tr>\n<td rowspan=\"2\" width=\"189\">10B1GC-H<\/td>\n<td width=\"111\">10B-1<\/td>\n<td width=\"117\">SS<\/td>\n<td width=\"84\">SS<\/td>\n<td width=\"75\">SS<\/td>\n<td width=\"78\">15.875<\/td>\n<td width=\"125\">9.65<\/td>\n<td width=\"108\">10.16<\/td>\n<td width=\"106\">3.3<\/td>\n<td width=\"119\">\u4e00<\/td>\n<td width=\"128\">80<\/td>\n<td width=\"167\">18.5<\/td>\n<\/tr>\n<tr>\n<td width=\"111\">10B-1<\/td>\n<td width=\"117\">NP<\/td>\n<td width=\"84\">SS<\/td>\n<td width=\"75\">SS<\/td>\n<td width=\"78\">15.875<\/td>\n<td width=\"125\">9.65<\/td>\n<td width=\"108\">10.16<\/td>\n<td width=\"106\">3.3<\/td>\n<td width=\"119\">\u4e00<\/td>\n<td width=\"128\">80<\/td>\n<td width=\"167\">22.4<\/td>\n<\/tr>\n<\/tbody>\n<\/table>\n<\/div>\n<h2>T\u1ed5ng quan v\u1ec1 x\u00edch k\u1eb9p v\u1edbi k\u1eb9p n\u00fat lo\u1ea1i G\/H<\/h2>\n<p>X\u00edch k\u1eb9p v\u1edbi k\u1eb9p n\u00fat lo\u1ea1i G\/H cung c\u1ea5p kh\u1ea3 n\u0103ng xoay \u0111\u1ed1i x\u1ee9ng v\u00e0 l\u1ef1c gi\u1eef tuy\u1ec7t v\u1eddi \u0111\u1ec3 v\u1eadn chuy\u1ec3n nhi\u1ec1u lo\u1ea1i v\u1eadt li\u1ec7u kh\u00e1c nhau. Nh\u1eefng x\u00edch n\u00e0y \u0111\u01b0\u1ee3c thi\u1ebft k\u1ebf \u0111\u1ec3 ng\u0103n ng\u1eeba vi\u1ec7c xoay ra ngo\u00e0i khi m\u1edf, \u0111\u1ea3m b\u1ea3o ho\u1ea1t \u0111\u1ed9ng \u0111\u00e1ng tin c\u1eady v\u00e0 an to\u00e0n. C\u00f3 s\u1eb5n c\u1ea3 hai t\u00f9y ch\u1ecdn m\u1ea1 niken v\u00e0 th\u00e9p kh\u00f4ng g\u1ec9, nh\u1eefng x\u00edch n\u00e0y c\u00f3 kh\u1ea3 n\u0103ng ch\u1ed1ng \u0103n m\u00f2n v\u01b0\u1ee3t tr\u1ed9i.<\/p>\n<p>C\u00e1c l\u00f2 xo b\u1eb1ng th\u00e9p kh\u00f4ng g\u1ec9 \u0111\u01b0\u1ee3c s\u1eed d\u1ee5ng trong c\u00e1c x\u00edch k\u1eb9p n\u00e0y \u0111\u01b0\u1ee3c l\u00e0m t\u1eeb v\u1eadt li\u1ec7u ch\u1ea5t l\u01b0\u1ee3ng cao nh\u1eadp kh\u1ea9u t\u1eeb Nh\u1eadt B\u1ea3n, \u0111\u1ea3m b\u1ea3o l\u1ef1c k\u1eb9p \u1ed5n \u0111\u1ecbnh. X\u00edch c\u01a1 b\u1ea3n, \u0111\u01b0\u1ee3c ch\u1ebf t\u1ea1o t\u1eeb th\u00e9p kh\u00f4ng g\u1ec9 AISI 630HT, c\u00f3 \u0111\u1ed9 b\u1ec1n cao, \u0111\u1ea3m b\u1ea3o kh\u1ea3 n\u0103ng ch\u1ed1ng m\u00e0i m\u00f2n v\u01b0\u1ee3t tr\u1ed9i. M\u1ed7i s\u1ee3i c\u1ee7a x\u00edch k\u1eb9p \u0111\u1ec1u \u0111\u01b0\u1ee3c k\u00e9o c\u0103ng v\u00e0 kh\u1edbp n\u1ed1i tr\u01b0\u1edbc, gi\u00fap vi\u1ec7c thi\u1ebft l\u1eadp m\u00e1y m\u00f3c d\u1ec5 d\u00e0ng h\u01a1n.<\/p>\n<p>D\u00e2y x\u00edch k\u1eb9p ki\u1ec3u G\/H \u0111\u01b0\u1ee3c \u1ee9ng d\u1ee5ng r\u1ed9ng r\u00e3i trong nhi\u1ec1u ng\u00e0nh c\u00f4ng nghi\u1ec7p, \u0111\u1eb7c bi\u1ec7t l\u00e0 trong c\u00e1c \u1ee9ng d\u1ee5ng \u0111\u00f3ng g\u00f3i d\u1ea1ng \u0111\u1ecbnh h\u00ecnh, chi\u1ebft r\u00f3t v\u00e0 h\u00fat ch\u00e2n kh\u00f4ng. Trong ng\u00e0nh c\u00f4ng nghi\u1ec7p th\u1ef1c ph\u1ea9m, c\u00e1c lo\u1ea1i d\u00e2y x\u00edch n\u00e0y th\u01b0\u1eddng \u0111\u01b0\u1ee3c s\u1eed d\u1ee5ng \u0111\u1ec3 \u0111\u00f3ng g\u00f3i gi\u0103m b\u00f4ng, x\u00fac x\u00edch, ph\u00f4 mai, b\u00e1nh m\u00ec, c\u00e1 v\u00e0 nhi\u1ec1u s\u1ea3n ph\u1ea9m kh\u00e1c. Ng\u00e0nh c\u00f4ng nghi\u1ec7p \u0111i\u1ec7n t\u1eed s\u1eed d\u1ee5ng ch\u00fang \u0111\u1ec3 \u0111\u00f3ng g\u00f3i d\u00e2y d\u1eabn, trong khi ng\u00e0nh y t\u1ebf d\u1ef1a v\u00e0o ch\u00fang \u0111\u1ec3 \u0111\u00f3ng g\u00f3i \u1ed1ng ti\u00eam, d\u01b0\u1ee3c ph\u1ea9m v\u00e0 nhi\u1ec1u s\u1ea3n ph\u1ea9m kh\u00e1c.<\/p>\n<p>\u0110\u1ed1i v\u1edbi nh\u1eefng ai c\u1ea7n l\u1ef1a ch\u1ecdn kh\u00f4ng c\u1ea7n b\u00f4i tr\u01a1n, phi\u00ean b\u1ea3n x\u00edch m\u1ea1 niken c\u0169ng c\u00f3 s\u1eb5n theo y\u00eau c\u1ea7u.<\/p>\n<table style=\"border-collapse: collapse; width: 100%;\">\n<tbody>\n<tr>\n<td style=\"width: 50%;\"><img loading=\"lazy\" decoding=\"async\" class=\"alignnone size-etpbimageresponsivephone wp-image-987921\" src=\"https:\/\/images.hzpt.com\/2024\/11\/gripper-chains-with-type-g-button-clamp.webp\" alt=\"\" width=\"800\" height=\"533\" \/><\/td>\n<td style=\"width: 50%;\"><img loading=\"lazy\" decoding=\"async\" class=\"alignnone size-full wp-image-987922\" src=\"https:\/\/images.hzpt.com\/2024\/11\/gripper-chains-with-type-h-button-clamp.webp\" alt=\"\" width=\"800\" height=\"533\" \/><\/td>\n<\/tr>\n<\/tbody>\n<\/table>\n<p>&nbsp;<\/p>\n<h2>D\u00e2y x\u00edch k\u1eb9p v\u1edbi \u0111\u1eb7c \u0111i\u1ec3m k\u1eb9p n\u00fat lo\u1ea1i G\/H<\/h2>\n<p>D\u00e2y x\u00edch k\u1eb9p v\u1edbi k\u1eb9p n\u00fat lo\u1ea1i G\/H \u0111\u01b0\u1ee3c thi\u1ebft k\u1ebf \u0111\u1ec3 xoay \u0111\u1ed1i x\u1ee9ng, cho ph\u00e9p v\u1eadn chuy\u1ec3n v\u1eadt li\u1ec7u hi\u1ec7u qu\u1ea3 v\u00e0 an to\u00e0n. L\u1ef1c gi\u1eef c\u1ee7a c\u00e1c d\u00e2y x\u00edch n\u00e0y \u0111\u01b0\u1ee3c x\u00e1c \u0111\u1ecbnh b\u1edfi lo\u1ea1i v\u1eadt li\u1ec7u c\u1ee5 th\u1ec3 \u0111\u01b0\u1ee3c v\u1eadn chuy\u1ec3n, \u0111\u1ea3m b\u1ea3o l\u1ef1c k\u1eb9p t\u1ed1i \u01b0u.<\/p>\n<p>Kh\u00e1c v\u1edbi c\u00e1c lo\u1ea1i k\u1eb9p kh\u00e1c, k\u1eb9p n\u00fat Type G kh\u00f4ng xoay ra ngo\u00e0i khi m\u1edf, mang l\u1ea1i s\u1ef1 \u1ed5n \u0111\u1ecbnh v\u00e0 d\u1ec5 s\u1eed d\u1ee5ng h\u01a1n.<\/p>\n<p>D\u00e2y x\u00edch k\u1eb9p v\u1edbi k\u1eb9p n\u00fat lo\u1ea1i G\/H c\u1ee7a ch\u00fang t\u00f4i cung c\u1ea5p m\u1ed9t lo\u1ea1t c\u00e1c t\u00ednh n\u0103ng:<\/p>\n<ul>\n<li>C\u00f3 s\u1eb5n c\u00e1c t\u00f9y ch\u1ecdn m\u1ea1 niken v\u00e0 th\u00e9p kh\u00f4ng g\u1ec9 cho kh\u1ea3 n\u0103ng ch\u1ed1ng \u0103n m\u00f2n tuy\u1ec7t v\u1eddi.<\/li>\n<li>L\u00f2 xo th\u00e9p kh\u00f4ng g\u1ec9 \u0111\u01b0\u1ee3c l\u00e0m t\u1eeb v\u1eadt li\u1ec7u nh\u1eadp kh\u1ea9u t\u1eeb Nh\u1eadt B\u1ea3n \u0111\u1ec3 \u0111\u1ea3m b\u1ea3o l\u1ef1c k\u1eb9p \u1ed5n \u0111\u1ecbnh.<\/li>\n<li>Ch\u1ed1t v\u00e0 b\u1ea1c l\u00f3t AISI 630HT tr\u00ean n\u1ec1n x\u00edch th\u00e9p kh\u00f4ng g\u1ec9 cho kh\u1ea3 n\u0103ng ch\u1ed1ng m\u00e0i m\u00f2n v\u01b0\u1ee3t tr\u1ed9i.<\/li>\n<li>\u0110\u01b0\u1ee3c cung c\u1ea5p d\u01b0\u1edbi d\u1ea1ng c\u00e1c s\u1ee3i \u0111\u00e3 \u0111\u01b0\u1ee3c k\u00e9o gi\u00e3n s\u1eb5n v\u00e0 kh\u1edbp nhau \u0111\u1ec3 d\u1ec5 d\u00e0ng thi\u1ebft l\u1eadp m\u00e1y m\u00f3c.<\/li>\n<li>C\u00f3 th\u1ec3 l\u1ef1a ch\u1ecdn phi\u00ean b\u1ea3n x\u00edch m\u1ea1 niken kh\u00f4ng c\u1ea7n b\u00f4i tr\u01a1n theo y\u00eau c\u1ea7u.<\/li>\n<\/ul>\n<p><img loading=\"lazy\" decoding=\"async\" class=\"alignnone size-full wp-image-987920\" src=\"https:\/\/images.hzpt.com\/2024\/11\/gripper-chains-with-type-g-button-clamp-1.webp\" alt=\"\" width=\"800\" height=\"800\" \/><\/p>\n<p>V\u1edbi x\u00edch k\u1eb9p c\u1ee7a ch\u00fang t\u00f4i, b\u1ea1n c\u00f3 th\u1ec3 tin t\u01b0\u1edfng v\u00e0o \u0111\u1ed9 b\u1ec1n v\u00e0 hi\u1ec7u su\u1ea5t c\u1ee7a ch\u00fang trong nhi\u1ec1u ng\u00e0nh c\u00f4ng nghi\u1ec7p kh\u00e1c nhau cho c\u00e1c \u1ee9ng d\u1ee5ng \u0111\u00f3ng g\u00f3i \u0111\u1ecbnh h\u00ecnh, chi\u1ebft r\u00f3t v\u00e0 h\u00fat ch\u00e2n kh\u00f4ng. Ch\u00fang \u0111\u01b0\u1ee3c s\u1eed d\u1ee5ng r\u1ed9ng r\u00e3i trong:<\/p>\n<ul>\n<li>Ng\u00e0nh c\u00f4ng nghi\u1ec7p th\u1ef1c ph\u1ea9m: Bao b\u00ec cho gi\u0103m b\u00f4ng, x\u00fac x\u00edch, ph\u00f4 mai, b\u00e1nh m\u00ec, c\u00e1, v.v.<\/li>\n<li>Ng\u00e0nh c\u00f4ng nghi\u1ec7p \u0111i\u1ec7n t\u1eed: Bao b\u00ec cho d\u00e2y d\u1eabn, v.v.<\/li>\n<li>Ng\u00e0nh c\u00f4ng nghi\u1ec7p y t\u1ebf: Bao b\u00ec cho \u1ed1ng ti\u00eam, d\u01b0\u1ee3c ph\u1ea9m, v.v.<\/li>\n<\/ul>\n<p><img decoding=\"async\" class=\"aligncenter\" src=\"https:\/\/images.hzpt.com\/2024\/01\/gripper-chain-1.webp\" alt=\"D\u00e2y x\u00edch k\u1eb9p v\u1edbi k\u1eb9p n\u00fat lo\u1ea1i G\/H\" \/><\/p>\n<h2>C\u01a1 ch\u1ebf ho\u1ea1t \u0111\u1ed9ng c\u1ee7a x\u00edch k\u1eb9p nh\u01b0 th\u1ebf n\u00e0o?<\/h2>\n<p>D\u00e2y x\u00edch k\u1eb9p l\u00e0 m\u1ed9t b\u1ed9 ph\u1eadn quan tr\u1ecdng trong h\u1ec7 th\u1ed1ng d\u00e2y x\u00edch k\u1eb9p v\u1edbi k\u1eb9p n\u00fat lo\u1ea1i G\/H, \u0111\u01b0\u1ee3c thi\u1ebft k\u1ebf \u0111\u1ec3 cung c\u1ea5p ch\u1ee9c n\u0103ng k\u1eb9p hi\u1ec7u qu\u1ea3 v\u00e0 \u0111\u00e1ng tin c\u1eady. C\u00e1c d\u00e2y x\u00edch n\u00e0y ho\u1ea1t \u0111\u1ed9ng b\u1eb1ng m\u1ed9t c\u01a1 ch\u1ebf \u0111\u1ed9c \u0111\u00e1o cho ph\u00e9p gi\u1eef v\u1eadt th\u1ec3 m\u1ed9t c\u00e1ch an to\u00e0n v\u00e0 \u1ed5n \u0111\u1ecbnh.<\/p>\n<p>Nguy\u00ean l\u00fd ch\u00ednh \u0111\u1eb1ng sau ho\u1ea1t \u0111\u1ed9ng c\u1ee7a d\u00e2y x\u00edch k\u1eb9p l\u00e0 s\u1ef1 s\u1eafp x\u1ebfp v\u00e0 kh\u00f3a ch\u1eb7t ch\u00ednh x\u00e1c c\u1ee7a c\u00e1c m\u1eaft x\u00edch ri\u00eang l\u1ebb. \u0110i\u1ec1u n\u00e0y cho ph\u00e9p t\u1ea1o ra m\u1ed9t b\u1ec1 m\u1eb7t k\u1eb9p ch\u1eafc ch\u1eafn v\u00e0 li\u00ean t\u1ee5c. Khi d\u00e2y x\u00edch \u0111\u01b0\u1ee3c k\u00edch ho\u1ea1t, c\u00e1c m\u1eaft x\u00edch s\u1ebd k\u1eb9p ch\u1eb7t v\u1eadt th\u1ec3, ng\u0103n ng\u1eeba m\u1ecdi s\u1ef1 tr\u01b0\u1ee3t ho\u1eb7c di chuy\u1ec3n ngo\u00e0i \u00fd mu\u1ed1n.<\/p>\n<p>M\u1ee5c \u0111\u00edch ch\u00ednh c\u1ee7a x\u00edch k\u1eb9p l\u00e0 \u0111\u1ea3m b\u1ea3o gi\u1eef ch\u1eafc ch\u1eafn c\u00e1c v\u1eadt th\u1ec3 \u0111\u01b0\u1ee3c thao t\u00e1c b\u1edfi x\u00edch k\u1eb9p. \u0110i\u1ec1u n\u00e0y \u0111\u1eb7c bi\u1ec7t quan tr\u1ecdng trong c\u00e1c \u1ee9ng d\u1ee5ng \u0111\u00f2i h\u1ecfi \u0111\u1ed9 ch\u00ednh x\u00e1c v\u00e0 \u1ed5n \u0111\u1ecbnh cao, ch\u1eb3ng h\u1ea1n nh\u01b0 trong c\u00e1c h\u1ec7 th\u1ed1ng t\u1ef1 \u0111\u1ed9ng h\u00f3a ho\u1eb7c thi\u1ebft b\u1ecb x\u1eed l\u00fd v\u1eadt li\u1ec7u.<\/p>\n<p><img decoding=\"async\" src=\"https:\/\/images.hzpt.com\/2024\/04\/grip-chain-application-2.webp\" alt=\"\u1ee8ng d\u1ee5ng x\u00edch k\u1eb9p\" \/><\/p>\n<h2>\u1ee8ng d\u1ee5ng x\u00edch k\u1eb9p<\/h2>\n<p>1. <b>Ng\u00e0nh c\u00f4ng nghi\u1ec7p th\u1ef1c ph\u1ea9m:<\/b> D\u00e2y x\u00edch k\u1eb9p v\u1edbi k\u1eb9p n\u00fat lo\u1ea1i G\/H \u0111\u01b0\u1ee3c s\u1eed d\u1ee5ng r\u1ed9ng r\u00e3i trong ng\u00e0nh c\u00f4ng nghi\u1ec7p th\u1ef1c ph\u1ea9m cho nhi\u1ec1u \u1ee9ng d\u1ee5ng \u0111\u00f3ng g\u00f3i kh\u00e1c nhau. Ch\u00fang \u0111\u1eb7c bi\u1ec7t ph\u00f9 h\u1ee3p \u0111\u1ec3 \u0111\u00f3ng g\u00f3i c\u00e1c s\u1ea3n ph\u1ea9m nh\u01b0 gi\u0103m b\u00f4ng, x\u00fac x\u00edch, ph\u00f4 mai, b\u00e1nh m\u00ec v\u00e0 c\u00e1. Kh\u1ea3 n\u0103ng xoay \u0111\u1ed1i x\u1ee9ng c\u1ee7a k\u1eb9p n\u00fat cho ph\u00e9p \u0111\u00f3ng g\u00f3i c\u00e1c m\u1eb7t h\u00e0ng th\u1ef1c ph\u1ea9m n\u00e0y m\u1ed9t c\u00e1ch hi\u1ec7u qu\u1ea3 v\u00e0 an to\u00e0n.<\/p>\n<p>2. <b>Ng\u00e0nh c\u00f4ng nghi\u1ec7p \u0111i\u1ec7n t\u1eed:<\/b> D\u00e2y x\u00edch k\u1eb9p v\u1edbi k\u1eb9p n\u00fat lo\u1ea1i G\/H \u0111\u01b0\u1ee3c \u1ee9ng d\u1ee5ng r\u1ed9ng r\u00e3i trong ng\u00e0nh c\u00f4ng nghi\u1ec7p \u0111i\u1ec7n t\u1eed, \u0111\u1eb7c bi\u1ec7t l\u00e0 trong vi\u1ec7c \u0111\u00f3ng g\u00f3i d\u00e2y d\u1eabn. L\u1ef1c k\u1eb9p ch\u1eafc ch\u1eafn do l\u00f2 xo th\u00e9p kh\u00f4ng g\u1ec9 t\u1ea1o ra \u0111\u1ea3m b\u1ea3o d\u00e2y d\u1eabn \u0111\u01b0\u1ee3c gi\u1eef c\u1ed1 \u0111\u1ecbnh trong su\u1ed1t qu\u00e1 tr\u00ecnh \u0111\u00f3ng g\u00f3i, ng\u0103n ng\u1eeba h\u01b0 h\u1ecfng ho\u1eb7c r\u1ed1i d\u00e2y.<\/p>\n<p>3. <b>Ng\u00e0nh c\u00f4ng nghi\u1ec7p y t\u1ebf:<\/b> Trong ng\u00e0nh y t\u1ebf, x\u00edch k\u1eb9p Gripper v\u1edbi k\u1eb9p n\u00fat ki\u1ec3u G\/H \u0111\u01b0\u1ee3c s\u1eed d\u1ee5ng \u0111\u1ec3 \u0111\u00f3ng g\u00f3i nhi\u1ec1u s\u1ea3n ph\u1ea9m y t\u1ebf kh\u00e1c nhau, bao g\u1ed3m \u1ed1ng ti\u00eam v\u00e0 c\u00e1c m\u1eb7t h\u00e0ng d\u01b0\u1ee3c ph\u1ea9m. L\u1ef1c k\u1eb9p ch\u1eafc ch\u1eafn c\u1ee7a k\u1eb9p n\u00fat \u0111\u1ea3m b\u1ea3o c\u00e1c m\u1eb7t h\u00e0ng d\u1ec5 v\u1ee1 n\u00e0y \u0111\u01b0\u1ee3c \u0111\u00f3ng g\u00f3i an to\u00e0n, duy tr\u00ec t\u00ednh to\u00e0n v\u1eb9n c\u1ee7a ch\u00fang trong su\u1ed1t qu\u00e1 tr\u00ecnh v\u1eadn chuy\u1ec3n v\u00e0 b\u1ea3o qu\u1ea3n. <img decoding=\"async\" src=\"https:\/\/images.hzpt.com\/2024\/11\/gripper-film-chain-applications.webp\" \/><\/p>\n<h2>L\u00e0m th\u1ebf n\u00e0o \u0111\u1ec3 \u0111\u1eb7t h\u00e0ng d\u00e2y x\u00edch k\u1eb9p phim c\u1ee7a ch\u00fang t\u00f4i?<\/h2>\n<p>\u0110\u1ec3 \u0111\u1eb7t mua D\u00e2y x\u00edch k\u1eb9p phim v\u1edbi k\u1eb9p n\u00fat lo\u1ea1i G\/H, vui l\u00f2ng xem x\u00e9t c\u00e1c kh\u00eda c\u1ea1nh sau:<\/p>\n<ol>\n<li><strong>K\u00edch th\u01b0\u1edbc d\u00e2y chuy\u1ec1n:<\/strong> B\u1ea1n c\u00f3 th\u1ec3 ch\u1ecdn k\u00edch th\u01b0\u1edbc d\u00e2y x\u00edch 08B ho\u1eb7c 10B.<\/li>\n<li><strong>L\u0129nh v\u1ef1c:<\/strong> H\u00e3y ch\u1ecdn s\u1ed1 l\u01b0\u1ee3ng s\u1ee3i b\u1ea1n c\u1ea7n cho \u1ee9ng d\u1ee5ng c\u1ee7a m\u00ecnh.<\/li>\n<li><strong>Lo\u1ea1i k\u1eb9p:<\/strong> X\u00e1c \u0111\u1ecbnh xem b\u1ea1n c\u1ea7n k\u1eb9p n\u00fat lo\u1ea1i G hay lo\u1ea1i H.<\/li>\n<li><strong>Ch\u1ea5t li\u1ec7u d\u00e2y chuy\u1ec1n c\u01a1 b\u1ea3n:<\/strong> B\u1ea1n c\u00f3 th\u1ec3 l\u1ef1a ch\u1ecdn gi\u1eefa th\u00e9p kh\u00f4ng g\u1ec9 ho\u1eb7c th\u00e9p carbon m\u1ea1 niken l\u00e0m ch\u1ea5t li\u1ec7u d\u00e2y chuy\u1ec1n c\u01a1 b\u1ea3n.<\/li>\n<\/ol>\n<p><img decoding=\"async\" src=\"https:\/\/images.hzpt.com\/2024\/01\/gripper-chain-4.webp\" alt=\"H\u00ecnh \u1ea3nh d\u00e2y x\u00edch k\u1eb9p\" \/><\/p>\n<h2>B\u00e1nh r\u0103ng cho x\u00edch k\u1eb9p<\/h2>\n<p>Trong h\u1ec7 th\u1ed1ng x\u00edch k\u1eb9p ki\u1ec3u G\/H, x\u00edch v\u00e0 \u0111\u0129a x\u00edch ho\u1ea1t \u0111\u1ed9ng h\u00e0i h\u00f2a v\u1edbi nhau \u0111\u1ec3 \u0111\u1ea3m b\u1ea3o v\u1eadn h\u00e0nh tr\u01a1n tru v\u00e0 hi\u1ec7u qu\u1ea3. X\u00edch d\u1ef1a v\u00e0o \u0111\u0129a x\u00edch \u0111\u1ec3 duy tr\u00ec \u0111\u1ed9 c\u0103ng th\u00edch h\u1ee3p v\u00e0 truy\u1ec1n l\u1ef1c, trong khi \u0111\u0129a x\u00edch c\u1ea7n x\u00edch \u0111\u1ec3 duy tr\u00ec s\u1ef1 th\u1eb3ng h\u00e0ng v\u00e0 \u0103n kh\u1edbp ch\u00ednh x\u00e1c.<\/p>\n<p>Vi\u1ec7c l\u1ef1a ch\u1ecdn nh\u00f4ng x\u00edch ph\u00f9 h\u1ee3p cho x\u00edch k\u1eb9p ki\u1ec3u G\/H l\u00e0 r\u1ea5t quan tr\u1ecdng. D\u00f2ng s\u1ea3n ph\u1ea9m c\u1ee7a ch\u00fang t\u00f4i bao g\u1ed3m nhi\u1ec1u lo\u1ea1i nh\u00f4ng x\u00edch \u0111\u01b0\u1ee3c thi\u1ebft k\u1ebf \u0111\u1eb7c bi\u1ec7t \u0111\u1ec3 ho\u1ea1t \u0111\u1ed9ng v\u1edbi c\u00e1c lo\u1ea1i x\u00edch n\u00e0y v\u00e0 mang l\u1ea1i hi\u1ec7u su\u1ea5t t\u1ed1i \u01b0u. C\u00e1c nh\u00f4ng x\u00edch n\u00e0y \u0111\u01b0\u1ee3c l\u00e0m t\u1eeb v\u1eadt li\u1ec7u ch\u1ea5t l\u01b0\u1ee3ng cao v\u00e0 \u0111\u01b0\u1ee3c gia c\u00f4ng ch\u00ednh x\u00e1c \u0111\u1ec3 \u0111\u1ea3m b\u1ea3o s\u1ef1 \u0103n kh\u1edbp ho\u00e0n h\u1ea3o v\u1edbi x\u00edch.<\/p>\n<p>T\u1ea1i c\u00f4ng ty ch\u00fang t\u00f4i, ch\u00fang t\u00f4i hi\u1ec3u t\u1ea7m quan tr\u1ecdng c\u1ee7a vi\u1ec7c l\u1ef1a ch\u1ecdn \u0111\u00fang lo\u1ea1i nh\u00f4ng x\u00edch cho \u1ee9ng d\u1ee5ng c\u1ee7a b\u1ea1n. \u0110\u00f3 l\u00e0 l\u00fd do t\u1ea1i sao ch\u00fang t\u00f4i cung c\u1ea5p nhi\u1ec1u l\u1ef1a ch\u1ecdn nh\u00f4ng x\u00edch t\u01b0\u01a1ng th\u00edch v\u1edbi x\u00edch k\u1eb9p ki\u1ec3u G\/H. Nh\u00f4ng x\u00edch c\u1ee7a ch\u00fang t\u00f4i \u0111\u01b0\u1ee3c s\u1ea3n xu\u1ea5t theo ti\u00eau chu\u1ea9n cao nh\u1ea5t v\u00e0 \u0111\u01b0\u1ee3c thi\u1ebft k\u1ebf \u0111\u1ec3 mang l\u1ea1i hi\u1ec7u su\u1ea5t \u0111\u00e1ng tin c\u1eady v\u00e0 b\u1ec1n l\u00e2u.<\/p>\n<p><img loading=\"lazy\" decoding=\"async\" class=\"alignnone size-full wp-image-986274\" src=\"https:\/\/images.hzpt.com\/2024\/11\/grip-chain-sprockets.webp\" alt=\"\" width=\"1000\" height=\"539\" \/><\/p>\n<h2>V\u1ec1 ch\u00fang t\u00f4i<\/h2>\n<p>T\u1ea1i HZPT, ch\u00fang t\u00f4i t\u1ef1 h\u00e0o cung c\u1ea5p c\u00e1c s\u1ea3n ph\u1ea9m X\u00edch k\u1eb9p ki\u1ec3u G\/H, \u0111\u01b0\u1ee3c thi\u1ebft k\u1ebf \u0111\u1ec3 \u0111\u00e1p \u1ee9ng c\u00e1c ti\u00eau chu\u1ea9n cao nh\u1ea5t v\u1ec1 ch\u1ea5t l\u01b0\u1ee3ng v\u00e0 hi\u1ec7u su\u1ea5t. V\u1edbi h\u01a1n 20 n\u0103m kinh nghi\u1ec7m trong s\u1ea3n xu\u1ea5t x\u00edch th\u00e9p kh\u00f4ng g\u1ec9, ch\u00fang t\u00f4i \u0111\u00e3 tr\u1edf th\u00e0nh m\u1ed9t trong nh\u1eefng nh\u00e0 s\u1ea3n xu\u1ea5t h\u00e0ng \u0111\u1ea7u t\u1ea1i Trung Qu\u1ed1c.<\/p>\n<p>Cam k\u1ebft nghi\u00ean c\u1ee9u v\u00e0 \u0111\u1ea7u t\u01b0 li\u00ean t\u1ee5c \u0111\u00e3 cho ph\u00e9p ch\u00fang t\u00f4i ph\u00e1t tri\u1ec3n m\u1ed9t lo\u1ea1t c\u00e1c m\u1eabu x\u00edch k\u1eb9p hi\u1ec7u su\u1ea5t cao, \u0111\u01b0\u1ee3c c\u1ea3 c\u00e1c nh\u00e0 s\u1ea3n xu\u1ea5t thi\u1ebft b\u1ecb g\u1ed1c (OEM) v\u00e0 th\u1ecb tr\u01b0\u1eddng ph\u1ee5 t\u00f9ng thay th\u1ebf, trong v\u00e0 ngo\u00e0i n\u01b0\u1edbc, \u0111\u00f3n nh\u1eadn r\u1ed9ng r\u00e3i. S\u1ea3n ph\u1ea9m c\u1ee7a ch\u00fang t\u00f4i \u0111\u01b0\u1ee3c c\u00f4ng nh\u1eadn r\u1ed9ng r\u00e3i v\u1ec1 ch\u1ea5t l\u01b0\u1ee3ng v\u01b0\u1ee3t tr\u1ed9i, \u0111\u1ed9 tin c\u1eady v\u00e0 \u0111\u1ed9 b\u1ec1n.<\/p>\n<p>B\u00ean c\u1ea1nh ch\u1ea5t l\u01b0\u1ee3ng s\u1ea3n ph\u1ea9m v\u01b0\u1ee3t tr\u1ed9i, ch\u00fang t\u00f4i c\u00f2n cam k\u1ebft cung c\u1ea5p d\u1ecbch v\u1ee5 kh\u00e1ch h\u00e0ng xu\u1ea5t s\u1eafc. Cho d\u00f9 b\u1ea1n c\u1ea7n h\u1ed7 tr\u1ee3 l\u1ef1a ch\u1ecdn s\u1ea3n ph\u1ea9m ph\u00f9 h\u1ee3p v\u1edbi \u1ee9ng d\u1ee5ng c\u1ee7a m\u00ecnh, tr\u1ee3 gi\u00fap l\u1eafp \u0111\u1eb7t hay h\u1ed7 tr\u1ee3 b\u1ea3o tr\u00ec th\u01b0\u1eddng xuy\u00ean, \u0111\u1ed9i ng\u0169 c\u1ee7a ch\u00fang t\u00f4i lu\u00f4n s\u1eb5n s\u00e0ng h\u1ed7 tr\u1ee3 b\u1ea1n.<\/p>\n<p>Ch\u00fang t\u00f4i m\u1eddi b\u1ea1n kh\u00e1m ph\u00e1 c\u00e1c s\u1ea3n ph\u1ea9m X\u00edch k\u1eb9p v\u1edbi k\u1eb9p n\u00fat lo\u1ea1i G\/H c\u1ee7a ch\u00fang t\u00f4i v\u00e0 t\u1ef1 m\u00ecnh tr\u1ea3i nghi\u1ec7m s\u1ef1 kh\u00e1c bi\u1ec7t c\u1ee7a HZPT. Li\u00ean h\u1ec7 v\u1edbi ch\u00fang t\u00f4i ngay h\u00f4m nay \u0111\u1ec3 t\u00ecm hi\u1ec3u th\u00eam v\u00e0 \u0111\u1eb7t h\u00e0ng!<\/p>\n<p><img decoding=\"async\" src=\"https:\/\/images.hzpt.com\/2024\/02\/KR8wEhfl-stainless-steel-chain-factory.webp\" \/><\/p>","protected":false},"excerpt":{"rendered":"<p>Button Clamp Gripper Chains Specifications Type G Button Clamp HZPT Code DIN\/ISO Material Pitch Inside Width Roller Dia Clamp Moving Clamp Force Tensile Strength Base Chain Clamp Spring P mm b1 Max mm d1 Max mm Vertical x mm Horizontal y mm Q-C N Q Min. kN 10B1GC-G 10B-1 SS SS SS 15.875 9.65 10.16 [&hellip;]<\/p>","protected":false},"featured_media":583,"comment_status":"open","ping_status":"closed","template":"","meta":{"_et_pb_use_builder":"","_et_pb_old_content":"","_et_gb_content_width":""},"product_brand":[],"product_cat":[1338,1339,1349,1350],"product_tag":[],"class_list":{"0":"post-562","1":"product","2":"type-product","3":"status-publish","4":"has-post-thumbnail","6":"product_cat-chain","7":"product_cat-conveyor-chain","8":"product_cat-grip-chains-film-gripper-chains","9":"product_cat-gripper-chains-with-clamps","11":"first","12":"instock","13":"shipping-taxable","14":"product-type-simple"},"_links":{"self":[{"href":"https:\/\/pin-oven-chain.com\/vi\/wp-json\/wp\/v2\/product\/562","targetHints":{"allow":["GET"]}}],"collection":[{"href":"https:\/\/pin-oven-chain.com\/vi\/wp-json\/wp\/v2\/product"}],"about":[{"href":"https:\/\/pin-oven-chain.com\/vi\/wp-json\/wp\/v2\/types\/product"}],"replies":[{"embeddable":true,"href":"https:\/\/pin-oven-chain.com\/vi\/wp-json\/wp\/v2\/comments?post=562"}],"wp:featuredmedia":[{"embeddable":true,"href":"https:\/\/pin-oven-chain.com\/vi\/wp-json\/wp\/v2\/media\/583"}],"wp:attachment":[{"href":"https:\/\/pin-oven-chain.com\/vi\/wp-json\/wp\/v2\/media?parent=562"}],"wp:term":[{"taxonomy":"product_brand","embeddable":true,"href":"https:\/\/pin-oven-chain.com\/vi\/wp-json\/wp\/v2\/product_brand?post=562"},{"taxonomy":"product_cat","embeddable":true,"href":"https:\/\/pin-oven-chain.com\/vi\/wp-json\/wp\/v2\/product_cat?post=562"},{"taxonomy":"product_tag","embeddable":true,"href":"https:\/\/pin-oven-chain.com\/vi\/wp-json\/wp\/v2\/product_tag?post=562"}],"curies":[{"name":"wp","href":"https:\/\/api.w.org\/{rel}","templated":true}]}}