{"id":524,"date":"2026-01-06T06:13:27","date_gmt":"2026-01-06T06:13:27","guid":{"rendered":"https:\/\/pin-oven-chain.com\/?post_type=product&#038;p=524"},"modified":"2026-01-08T06:13:49","modified_gmt":"2026-01-08T06:13:49","slug":"bucket-elevator-chains-p152-4-dt-30a-a-dt-30a","status":"publish","type":"product","link":"https:\/\/pin-oven-chain.com\/pl\/produkt\/bucket-elevator-chains-p152-4-dt-30a-a-dt-30a\/","title":{"rendered":"\u0141a\u0144cuchy do przeno\u015bnik\u00f3w kube\u0142kowych P152.4 DT-30A-A DT-30A"},"content":{"rendered":"<h1 style=\"text-align: center;\">P152.4 DT-30A-A DT-30A Conveyor Chains Bucket Elevator Chains For Cement Mill Industry<\/h1>\n<div class=\"J_module\">\n<h2 id=\"ali-anchor-AliMagic-phz3u1\" class=\"magic-3\" data-section=\"AliMagic-phz3u1\" data-section-title=\"Product Description\" data-spm-anchor-id=\"a2700.details.0.i25.42964132AAMVWF\">Opis produktu<\/h2>\n<\/div>\n<div class=\"J_module\">\n<div class=\"detail-decorate-json-renderer-container\">\n<div class=\"magic-4\">\n<div class=\"magic-5\">\n<div class=\"magic-6\">\n<div class=\"magic-7\">\n<div>UK pto-drive-shafts.com Co.,Ltd chain-type bucket elevators involve a heavy-duty, steel bushed chain. These chains are created to provide superior overall performance inside the most severe working circumstances. Higher strength, hardened pins, bushings and sidebars give superb wear resistance, fantastic fatigue resistance and decrease chain elongation.<\/div>\n<\/div>\n<\/div>\n<\/div>\n<\/div>\n<\/div>\n<\/div>\n<div class=\"J_module\">\n<div class=\"icbu-pc-images magic-0\">\n<div>\n<div class=\"flex-layout-v\">\n<div class=\"flex-layout-h magic-0\">\n<div class=\"magic-8\"><img loading=\"lazy\" decoding=\"async\" class=\"magic-9 alignnone\" src=\"https:\/\/s.alicdn.com\/@sc04\/kf\/H8ff5732765c646f7ba6daed8620a35aff\/200078908\/H8ff5732765c646f7ba6daed8620a35aff.jpg?quality=close\" alt=\"\u0141a\u0144cuchy do przeno\u015bnik\u00f3w kube\u0142kowych\" width=\"1849\" height=\"921\" data-src=\"\/\/s.alicdn.com\/@sc04\/kf\/H8ff5732765c646f7ba6daed8620a35aff\/200078908\/H8ff5732765c646f7ba6daed8620a35aff.jpg?quality=close\" \/><\/div>\n<div>\n<div class=\"magic-7\"><i><b>Contact us:\u00a0<\/b><\/i>We care about our valued buyers, if you have any questions, our Customer Service staffs will be very glad to help you. We try our best to reply to your emails as soon as possible, however, due to high volume of daily incoming emails and time zone difference, we may not be able to reply your emails immediately. Please allow 24 business hours for us to response.<\/div>\n<div>\n<div class=\"et_pb_with_border et_pb_module et_pb_wc_tabs et_pb_wc_tabs_0_tb_body et_pb_tabs\">\n<div class=\"et_pb_all_tabs\">\n<div class=\"et_pb_tab clearfix et_pb_active_content et-pb-active-slide\">\n<div class=\"et_pb_tab_content\">\n<div class=\"J_module\">\n<div class=\"icbu-pc-images magic-0\">\n<div>\n<div class=\"flex-layout-v\">\n<div class=\"flex-layout-h magic-0\">\n<div>\n<div class=\"magic-22\"><img loading=\"lazy\" decoding=\"async\" class=\"magic-23 alignnone\" src=\"https:\/\/s.alicdn.com\/@sc04\/kf\/H61a38d3c16894ed4b777e1e9d039b59cW\/200078908\/H61a38d3c16894ed4b777e1e9d039b59cW.jpg?quality=close\" alt=\"\u0141a\u0144cuch oleju palmowego\" width=\"800\" height=\"622\" data-src=\"\/\/s.alicdn.com\/@sc04\/kf\/H61a38d3c16894ed4b777e1e9d039b59cW\/200078908\/H61a38d3c16894ed4b777e1e9d039b59cW.jpg?quality=close\" \/><\/div>\n<div>\n<div class=\"J_module\">\n<h2 data-section=\"AliMagic-peb2u8\" data-section-title=\"Company Information\">Powi\u0105zane produkty<\/h2>\n<h2 data-section=\"AliMagic-peb2u8\" data-section-title=\"Company Information\"><img loading=\"lazy\" decoding=\"async\" class=\"alignnone\" src=\"https:\/\/s.alicdn.com\/@sc04\/kf\/H1dc0b4b0c85447e68fea3a7a2f6f9518U\/200078908\/H1dc0b4b0c85447e68fea3a7a2f6f9518U.jpg?quality=close\" alt=\"\u0142a\u0144cuch przeno\u015bnika\" width=\"4169\" height=\"6709\" \/><\/h2>\n<h2 id=\"ali-anchor-AliMagic-peb2u8\" class=\"magic-21\" data-section=\"AliMagic-peb2u8\" data-section-title=\"Company Information\">Informacje o firmie<\/h2>\n<\/div>\n<div class=\"J_module\">\n<div class=\"detail-decorate-json-renderer-container\">\n<div class=\"magic-4\">\n<div class=\"magic-5\">\n<div class=\"magic-6\">\n<div class=\"magic-7\">UK pto-drive-shafts.com Co.,Ltd transmission group is a professional manufacturer of particular <a href=\"https:\/\/pin-oven-chain.com\/pl\/produkt\/lancuchy-do-przenosnikow-kubelkowych-p150f47-p152f41-p200f64-p250f6-p300f1-p300f9-dla-przemyslu-cementowego\/\">chains<\/a> with large pitches. We have a complete chain production line, equipment selection, and process design that adhere to high efficiency, energy-saving, and automation, with perfect testing equipment, high-quality enterprise management, and professional technical personnel. We focus on the production, processing, and sales of the drive chains, particular chains, chain accessories, machinery parts, and so on, forming an “aluminum, fine, special, creative” separate chain development and production system. We have mastered the core technology of chain production and are proficient in core processing. All products are widely used in sugar, paper, cement, wood, food, mining, metallurgy, and other industries. We pay attention to the reputation of product quality through IS09001:2008 quality management system certification and obtain self-supporting, agent-related products and technology import and export business qualifications. Our products are exported to all provinces and cities in China, Europe, America, and Southeast Asia.<\/div>\n<\/div>\n<\/div>\n<\/div>\n<\/div>\n<\/div>\n<div class=\"J_module\">\n<div class=\"icbu-pc-images magic-0\">\n<div class=\"flex-layout-v\">\n<div class=\"flex-layout-h magic-0\">\n<div class=\"magic-22\"><img decoding=\"async\" class=\"magic-23\" src=\"https:\/\/s.alicdn.com\/@sc04\/kf\/H29b5d9cbf852453a981893b14b5f6866H\/200078908\/H29b5d9cbf852453a981893b14b5f6866H.jpg?quality=close\" data-src=\"\/\/s.alicdn.com\/@sc04\/kf\/H29b5d9cbf852453a981893b14b5f6866H\/200078908\/H29b5d9cbf852453a981893b14b5f6866H.jpg?quality=close\" \/><\/div>\n<div><img loading=\"lazy\" decoding=\"async\" class=\"alignleft\" src=\"https:\/\/s.alicdn.com\/@sc04\/kf\/Hd3aecd4df0f04d2a89a804f8d6ea3680y\/200078908\/Hd3aecd4df0f04d2a89a804f8d6ea3680y.jpg?quality=close\" width=\"286\" height=\"446\" \/><\/div>\n<div><strong>1. Du\u017cy, inteligentny piec dzwonowy do wy\u017carzania:<\/strong><\/div>\n<div>stabilna i niezawodna jako\u015b\u0107 wy\u017carzania oraz niskie zu\u017cycie energii<br \/>\n<strong>2. Piec ta\u015bmowy siatkowy:<\/strong><\/div>\n<div>linia produkcyjna do obr\u00f3bki cieplnej w piecu ta\u015bmowym z siatki najwy\u017cszej klasy<br \/>\n<strong>3. Piec wielofunkcyjny:<\/strong><\/div>\n<div>Wielofunkcyjny piec Epson zapewnia stabiln\u0105 i niezawodn\u0105 jako\u015b\u0107 obr\u00f3bki cieplnej<br \/>\n<strong>4. Inteligentny robot spawalniczy ABB:<\/strong><\/div>\n<div>zamiast r\u0119cznego wykonywania skomplikowanych operacji spawalniczych, spawanie jest pi\u0119kne, stabilne i niezawodne<\/div>\n<div><\/div>\n<div><strong>5. Automatyczna nitownica na gor\u0105co:<\/strong>\u00a0Samodzielnie opracowana automatyczna linia monta\u017cowa \u0142a\u0144cucha spawalniczego mo\u017ce zast\u0105pi\u0107 monta\u017c r\u0119czny w celu realizacji automatycznego wychodu i nitowania na gor\u0105co, zapewniaj\u0105c stabilne produkty, wysok\u0105 precyzj\u0119 i wysok\u0105 wydajno\u015b\u0107<br \/>\n<strong>6. Sprz\u0119t do hartowania indukcyjnego:<\/strong>\u00a0Samodzielnie opracowany p\u00f3\u0142automatyczny sprz\u0119t do hartowania indukcyjnego z powodzeniem realizuje selektywne (lokalne) hartowanie indukcyjne wa\u0142u sworznia i hartowanie indukcyjne z\u0119b\u00f3w ko\u0142a z\u0119batego<br \/>\n<strong>7. Programowalna maszyna do ci\u0119cia bramowego:<\/strong>\u00a0posiada funkcje ci\u0119cia plazmowego i ci\u0119cia p\u0142omieniowego<br \/>\n<strong>8. Centrum obr\u00f3bcze CNC:<\/strong>\u00a0Pionowe centrum obr\u00f3bcze CNC i poziome centrum obr\u00f3bcze CNC, kt\u00f3re spe\u0142niaj\u0105 wymagania obr\u00f3bki form i produkt\u00f3w o wysokiej precyzji<\/div>\n<div>edytuj przez gzl<\/div>\n<\/div>\n<\/div>\n<\/div>\n<\/div>\n<\/div>\n<\/div>\n<\/div>\n<\/div>\n<\/div>\n<\/div>\n<\/div>\n<\/div>\n<\/div>\n<\/div>\n<\/div>\n<\/div>\n<\/div>\n<\/div>\n<\/div>\n<\/div>\n<\/div>\n<\/div>","protected":false},"excerpt":{"rendered":"<p>Discover durable Bucket Elevator Chains P152.4 DT-30A-A DT-30A for efficient material handling. Enhance your system\u2019s performance. Shop now for high-quality chains!<\/p>","protected":false},"featured_media":617,"comment_status":"open","ping_status":"closed","template":"","meta":{"_et_pb_use_builder":"","_et_pb_old_content":"","_et_gb_content_width":""},"product_brand":[],"product_cat":[1340],"product_tag":[],"class_list":{"0":"post-524","1":"product","2":"type-product","3":"status-publish","4":"has-post-thumbnail","6":"product_cat-conveyor-chains-application","8":"first","9":"instock","10":"shipping-taxable","11":"product-type-simple"},"_links":{"self":[{"href":"https:\/\/pin-oven-chain.com\/pl\/wp-json\/wp\/v2\/product\/524","targetHints":{"allow":["GET"]}}],"collection":[{"href":"https:\/\/pin-oven-chain.com\/pl\/wp-json\/wp\/v2\/product"}],"about":[{"href":"https:\/\/pin-oven-chain.com\/pl\/wp-json\/wp\/v2\/types\/product"}],"replies":[{"embeddable":true,"href":"https:\/\/pin-oven-chain.com\/pl\/wp-json\/wp\/v2\/comments?post=524"}],"wp:featuredmedia":[{"embeddable":true,"href":"https:\/\/pin-oven-chain.com\/pl\/wp-json\/wp\/v2\/media\/617"}],"wp:attachment":[{"href":"https:\/\/pin-oven-chain.com\/pl\/wp-json\/wp\/v2\/media?parent=524"}],"wp:term":[{"taxonomy":"product_brand","embeddable":true,"href":"https:\/\/pin-oven-chain.com\/pl\/wp-json\/wp\/v2\/product_brand?post=524"},{"taxonomy":"product_cat","embeddable":true,"href":"https:\/\/pin-oven-chain.com\/pl\/wp-json\/wp\/v2\/product_cat?post=524"},{"taxonomy":"product_tag","embeddable":true,"href":"https:\/\/pin-oven-chain.com\/pl\/wp-json\/wp\/v2\/product_tag?post=524"}],"curies":[{"name":"wp","href":"https:\/\/api.w.org\/{rel}","templated":true}]}}