{"id":523,"date":"2026-01-06T06:13:25","date_gmt":"2026-01-06T06:13:25","guid":{"rendered":"https:\/\/pin-oven-chain.com\/?post_type=product&#038;p=523"},"modified":"2026-01-08T06:14:55","modified_gmt":"2026-01-08T06:14:55","slug":"bucket-elevator-chains-p200-2l-p150-2l-p100-4l-tbh100-4l","status":"publish","type":"product","link":"https:\/\/pin-oven-chain.com\/fi\/tuote\/bucket-elevator-chains-p200-2l-p150-2l-p100-4l-tbh100-4l\/","title":{"rendered":"Kauhanostinketjut P200-2L P150\/2L P100\/4L TBH100\/4L"},"content":{"rendered":"<h1 style=\"text-align: center;\">P200-2L P150\/2L P100\/4L TBH100\/4L Bucket Elevator Chains For Cement Mill Industry<\/h1>\n<div class=\"J_module\">\n<h2 id=\"ali-anchor-AliMagic-tew0xd\" class=\"magic-3\" data-section=\"AliMagic-tew0xd\" data-section-title=\"Product Description\">Tuotekuvaus<\/h2>\n<\/div>\n<div class=\"J_module\">\n<div class=\"detail-decorate-json-renderer-container\">\n<div class=\"magic-4\">\n<div class=\"magic-5\">\n<div class=\"magic-6\">\n<div class=\"magic-7\">Bucket elevator chains from pto-drive-shafts.com Ltd. in the UK utilize heavy-duty steel bushing chains. These chains are designed to deliver superior performance under the most demanding operating conditions. High-strength hardened pins, bushings, and side plates offer excellent wear resistance, enhanced fatigue resistance, and reduced chain elongation.<\/div>\n<\/div>\n<\/div>\n<\/div>\n<\/div>\n<\/div>\n<div class=\"J_module\">\n<div class=\"icbu-pc-images magic-0\">\n<div>\n<div class=\"flex-layout-v\">\n<div class=\"flex-layout-h magic-0\">\n<div class=\"magic-8\"><img loading=\"lazy\" decoding=\"async\" class=\"magic-9 aligncenter\" src=\"https:\/\/s.alicdn.com\/@sc04\/kf\/H8d85220850c94e7da967a9f3a0fc2464Y\/200078908\/H8d85220850c94e7da967a9f3a0fc2464Y.jpg?quality=close\" alt=\"Kauhanostin ketjut\" width=\"370\" height=\"370\" data-src=\"\/\/s.alicdn.com\/@sc04\/kf\/H8d85220850c94e7da967a9f3a0fc2464Y\/200078908\/H8d85220850c94e7da967a9f3a0fc2464Y.jpg?quality=close\" \/><\/div>\n<\/div>\n<\/div>\n<\/div>\n<\/div>\n<\/div>\n<div class=\"J_module\">\n<div class=\"icbu-pc-images magic-0\">\n<div class=\"flex-layout-v\">\n<div class=\"flex-layout-h magic-0\">\n<div class=\"magic-10\"><img loading=\"lazy\" decoding=\"async\" class=\"magic-11 alignnone\" src=\"https:\/\/s.alicdn.com\/@sc04\/kf\/H95092bdacc7f48f9a1235aed4af9f94cW\/200078908\/H95092bdacc7f48f9a1235aed4af9f94cW.jpg?quality=close\" alt=\"Kauhanostin ketjut\" width=\"1759\" height=\"1364\" data-src=\"\/\/s.alicdn.com\/@sc04\/kf\/H95092bdacc7f48f9a1235aed4af9f94cW\/200078908\/H95092bdacc7f48f9a1235aed4af9f94cW.jpg?quality=close\" \/><\/div>\n<div>\n<div class=\"magic-7\"><i><b>Contact us:\u00a0<\/b><\/i>We care about our valued buyers, if you have any questions, our Customer Service staffs will be very glad to help you. We try our best to reply to your emails as soon as possible, however, due to high volume of daily incoming emails and time zone difference, we may not be able to reply your emails immediately. Please allow 24 business hours for us to response.<\/div>\n<div>\n<div class=\"et_pb_with_border et_pb_module et_pb_wc_tabs et_pb_wc_tabs_0_tb_body et_pb_tabs\">\n<div class=\"et_pb_all_tabs\">\n<div class=\"et_pb_tab clearfix et_pb_active_content et-pb-active-slide\">\n<div class=\"et_pb_tab_content\">\n<div class=\"J_module\">\n<div class=\"icbu-pc-images magic-0\">\n<div class=\"flex-layout-v\">\n<div class=\"flex-layout-h magic-0\">\n<div class=\"magic-22\"><img loading=\"lazy\" decoding=\"async\" class=\"magic-23 alignnone\" src=\"https:\/\/s.alicdn.com\/@sc04\/kf\/H61a38d3c16894ed4b777e1e9d039b59cW\/200078908\/H61a38d3c16894ed4b777e1e9d039b59cW.jpg?quality=close\" alt=\"Palmu\u00f6ljyketju\" width=\"800\" height=\"622\" data-src=\"\/\/s.alicdn.com\/@sc04\/kf\/H61a38d3c16894ed4b777e1e9d039b59cW\/200078908\/H61a38d3c16894ed4b777e1e9d039b59cW.jpg?quality=close\" \/><\/div>\n<div>\n<div class=\"J_module\">\n<h2 data-section=\"AliMagic-peb2u8\" data-section-title=\"Company Information\">Aiheeseen liittyv\u00e4t tuotteet<\/h2>\n<h2 data-section=\"AliMagic-peb2u8\" data-section-title=\"Company Information\"><img loading=\"lazy\" decoding=\"async\" class=\"alignnone\" src=\"https:\/\/s.alicdn.com\/@sc04\/kf\/H1dc0b4b0c85447e68fea3a7a2f6f9518U\/200078908\/H1dc0b4b0c85447e68fea3a7a2f6f9518U.jpg?quality=close\" alt=\"kuljetinketju\" width=\"4169\" height=\"6709\" \/><\/h2>\n<h2 id=\"ali-anchor-AliMagic-peb2u8\" class=\"magic-21\" data-section=\"AliMagic-peb2u8\" data-section-title=\"Company Information\">Yrityksen tiedot<\/h2>\n<\/div>\n<div class=\"J_module\">\n<div class=\"detail-decorate-json-renderer-container\">\n<div class=\"magic-4\">\n<div class=\"magic-5\">\n<div class=\"magic-6\">\n<div class=\"magic-7\">UK Power Drive Shafts Co., Ltd. on erikoisketjujen, joissa on suuri jako, ammattimainen valmistaja. Meill\u00e4 on t\u00e4ydelliset ketjujen tuotantolinjat, laitevalikoima ja prosessisuunnitteluosaaminen, ja noudatamme korkeaa hy\u00f6tysuhdetta, energians\u00e4\u00e4st\u00f6\u00e4 ja automaatiota. Meill\u00e4 on kattavat testauslaitteet, eritt\u00e4in p\u00e4tev\u00e4 johto ja ammattitaitoiset teknikot. Keskitymme voimansiirtoketjujen, erikoisketjujen, ketjutarvikkeiden ja mekaanisten osien tuotantoon, jalostukseen ja myyntiin muodostaen itsen\u00e4isen ketjujen tutkimus- ja kehitys- sek\u00e4 tuotantoj\u00e4rjestelm\u00e4n, jolle on ominaista \"alumiini, tarkkuus, erikoisuus ja innovaatio\". Hallitsemme ydinteknologiat... <a href=\"https:\/\/pin-oven-chain.com\/fi\/tuote\/bucket-elevator-chains-p150f47-p152f41-p200f64-p250f6-p300f1-p300f9-for-cement-industry\/\">ketju<\/a> tuotannossa ja ovat taitavia ydinjalostuksessa. Kaikkia tuotteitamme k\u00e4ytet\u00e4\u00e4n laajalti esimerkiksi sokerinjalostuksessa, paperinvalmistuksessa, sementti-, puu-, elintarvike-, kaivos- ja metallurgiateollisuudessa. Olemme l\u00e4p\u00e4isseet ISO9001:2008-laatuj\u00e4rjestelm\u00e4n sertifioinnin, korostamme tuotteiden laatua ja mainetta ja olemme saaneet p\u00e4tevyydet itsen\u00e4iseen toimintaan ja niihin liittyvien tuotteiden ja teknologioiden tuonti- ja vientiedustajatoimintaan. Tuotteitamme vied\u00e4\u00e4n kaikkiin Kiinan, Euroopan, Amerikan ja Kaakkois-Aasian maakuntiin ja kaupunkeihin.<\/div>\n<\/div>\n<\/div>\n<\/div>\n<\/div>\n<\/div>\n<div class=\"J_module\">\n<div class=\"icbu-pc-images magic-0\">\n<div class=\"flex-layout-v\">\n<div class=\"flex-layout-h magic-0\">\n<div class=\"magic-22\"><img decoding=\"async\" class=\"magic-23\" src=\"https:\/\/s.alicdn.com\/@sc04\/kf\/H29b5d9cbf852453a981893b14b5f6866H\/200078908\/H29b5d9cbf852453a981893b14b5f6866H.jpg?quality=close\" data-src=\"\/\/s.alicdn.com\/@sc04\/kf\/H29b5d9cbf852453a981893b14b5f6866H\/200078908\/H29b5d9cbf852453a981893b14b5f6866H.jpg?quality=close\" \/><\/div>\n<div><img loading=\"lazy\" decoding=\"async\" class=\"alignleft\" src=\"https:\/\/s.alicdn.com\/@sc04\/kf\/Hd3aecd4df0f04d2a89a804f8d6ea3680y\/200078908\/Hd3aecd4df0f04d2a89a804f8d6ea3680y.jpg?quality=close\" width=\"286\" height=\"446\" \/><\/div>\n<div><strong>1. Suuri kellotyyppinen \u00e4lyk\u00e4s hehkutusuuni:<\/strong><\/div>\n<div>vakaa ja luotettava hehkutuslaatu ja alhainen energiankulutus<br \/>\n<strong>2. Verkkohihnauuni:<\/strong><\/div>\n<div>ensiluokkainen kotimainen verkkohihnauunin l\u00e4mp\u00f6k\u00e4sittelylinja<br \/>\n<strong>3. Monik\u00e4ytt\u00f6inen uuni:<\/strong><\/div>\n<div>Epsonin monik\u00e4ytt\u00f6uuni tarjoaa vakaan ja luotettavan l\u00e4mp\u00f6k\u00e4sittelylaadun<br \/>\n<strong>4. ABB:n \u00e4lyk\u00e4s hitsausrobotti:<\/strong><\/div>\n<div>monimutkaisten hitsausoperaatioiden manuaalisen suorittamisen sijaan hitsaus on kaunista, vakaata ja luotettavaa<\/div>\n<div><\/div>\n<div><strong>5. Automaattinen kuumaniittauslaite:<\/strong>\u00a0Itse kehitetty automaattinen hitsausketjun kokoonpanolinja voi korvata manuaalisen automaattisen paljastumisen ja kuuman niittaamisen toteuttamiseksi vakailla tuotteilla, suurella tarkkuudella ja korkealla hy\u00f6tysuhteella<br \/>\n<strong>6. Induktiosammutuslaitteet:<\/strong>\u00a0Itse kehitetty puoliautomaattinen induktiosammutuslaitteisto toteuttaa onnistuneesti tapin akselin selektiivisen (paikallisen) induktiosammutuksen ja hammaspy\u00f6r\u00e4n hampaiden induktiosammutuksen<br \/>\n<strong>7. Ohjelmoitava portaalileikkauskone:<\/strong>\u00a0sill\u00e4 on plasmaleikkauksen ja liekinleikkauksen toiminnot<br \/>\n<strong>8. CNC-ty\u00f6st\u00f6keskus:<\/strong>\u00a0CNC-pystysuora ty\u00f6st\u00f6keskus ja CNC-vaakasuora ty\u00f6st\u00f6keskus, jotka t\u00e4ytt\u00e4v\u00e4t tarkkuusmuottien ja -tuotteiden k\u00e4sittelyn<\/div>\n<div>gzl:n muokkaama<\/div>\n<\/div>\n<\/div>\n<\/div>\n<\/div>\n<\/div>\n<\/div>\n<\/div>\n<\/div>\n<\/div>\n<\/div>\n<\/div>\n<\/div>\n<\/div>\n<\/div>\n<\/div>\n<\/div>\n<\/div>\n<\/div>\n<\/div>","protected":false},"excerpt":{"rendered":"<p>Explore durable Bucket Elevator Chains P200-2L, P150\/2L, P100\/4L, TBH100\/4L for reliable performance. Perfect for heavy-duty industries. Get your chains today!<\/p>","protected":false},"featured_media":618,"comment_status":"open","ping_status":"closed","template":"","meta":{"_et_pb_use_builder":"","_et_pb_old_content":"","_et_gb_content_width":""},"product_brand":[],"product_cat":[1340],"product_tag":[],"class_list":{"0":"post-523","1":"product","2":"type-product","3":"status-publish","4":"has-post-thumbnail","6":"product_cat-conveyor-chains-application","8":"first","9":"instock","10":"shipping-taxable","11":"product-type-simple"},"_links":{"self":[{"href":"https:\/\/pin-oven-chain.com\/fi\/wp-json\/wp\/v2\/product\/523","targetHints":{"allow":["GET"]}}],"collection":[{"href":"https:\/\/pin-oven-chain.com\/fi\/wp-json\/wp\/v2\/product"}],"about":[{"href":"https:\/\/pin-oven-chain.com\/fi\/wp-json\/wp\/v2\/types\/product"}],"replies":[{"embeddable":true,"href":"https:\/\/pin-oven-chain.com\/fi\/wp-json\/wp\/v2\/comments?post=523"}],"wp:featuredmedia":[{"embeddable":true,"href":"https:\/\/pin-oven-chain.com\/fi\/wp-json\/wp\/v2\/media\/618"}],"wp:attachment":[{"href":"https:\/\/pin-oven-chain.com\/fi\/wp-json\/wp\/v2\/media?parent=523"}],"wp:term":[{"taxonomy":"product_brand","embeddable":true,"href":"https:\/\/pin-oven-chain.com\/fi\/wp-json\/wp\/v2\/product_brand?post=523"},{"taxonomy":"product_cat","embeddable":true,"href":"https:\/\/pin-oven-chain.com\/fi\/wp-json\/wp\/v2\/product_cat?post=523"},{"taxonomy":"product_tag","embeddable":true,"href":"https:\/\/pin-oven-chain.com\/fi\/wp-json\/wp\/v2\/product_tag?post=523"}],"curies":[{"name":"wp","href":"https:\/\/api.w.org\/{rel}","templated":true}]}}