{"id":404,"date":"2025-12-29T07:02:24","date_gmt":"2025-12-29T07:02:24","guid":{"rendered":"https:\/\/pin-oven-chain.com\/?page_id=404"},"modified":"2026-01-04T05:23:46","modified_gmt":"2026-01-04T05:23:46","slug":"contactanos","status":"publish","type":"page","link":"https:\/\/pin-oven-chain.com\/es\/contactanos\/","title":{"rendered":"Cont\u00e1ctenos"},"content":{"rendered":"<p style=\"text-align: center;\" data-start=\"50\" data-end=\"455\"><img loading=\"lazy\" decoding=\"async\" class=\"alignnone  wp-image-513\" src=\"https:\/\/pin-oven-chain.com\/wp-content\/uploads\/2026\/01\/ep-contact-3-300x200.webp\" alt=\"Cont\u00e1ctenos\" width=\"595\" height=\"396\" \/><\/p>\n<p data-start=\"50\" data-end=\"455\">Gracias por su inter\u00e9s en UK PIN-OVEN-CHAIN.COM Co., Ltd. Valoramos cada consulta y consideramos la comunicaci\u00f3n como la base de una colaboraci\u00f3n duradera y de confianza. Ya sea que busque soluciones para la cadena de suministro, explore soluciones de ingenier\u00eda a medida o busque un socio de fabricaci\u00f3n confiable en el Reino Unido, nuestro equipo est\u00e1 listo para ayudarle con profesionalismo, conocimiento t\u00e9cnico y un servicio r\u00e1pido.<\/p>\n<h2 data-start=\"462\" data-end=\"475\">Quienes somos<\/h2>\n<p data-start=\"477\" data-end=\"897\">UK PIN-OVEN-CHAIN.COM Co., Ltd. es un proveedor especializado y fabricante centrado en la ingenier\u00eda de cadenas para hornos industriales, cadenas para hornos de pasadores, sistemas de cadenas transportadoras y soluciones de transmisi\u00f3n de servicio pesado para industrias globales. Desde el procesamiento de alimentos y maquinaria agr\u00edcola hasta l\u00edneas de producci\u00f3n industriales de horneado, secado, recubrimiento y tratamiento t\u00e9rmico, nuestros productos est\u00e1n meticulosamente dise\u00f1ados para funcionar de manera confiable en condiciones dif\u00edciles.<\/p>\n<p>Integramos la ciencia de los materiales, la ingenier\u00eda mec\u00e1nica y la experiencia en dise\u00f1o orientado a aplicaciones, lo que nos permite ofrecer l\u00edneas de producci\u00f3n con mayor vida \u00fatil, un rendimiento m\u00e1s estable y un menor coste total de propiedad. Cada soluci\u00f3n que ofrecemos se centra en la fiabilidad, la seguridad y la eficiencia.<\/p>\n<h2 data-start=\"1223\" data-end=\"1261\">Nuestro compromiso con la confianza y la calidad<\/h2>\n<p data-start=\"1263\" data-end=\"1411\">Operamos con un firme compromiso con la experiencia, los conocimientos, la autoridad y la confiabilidad (EEAT). Este compromiso se refleja en:<\/p>\n<ul data-start=\"1413\" data-end=\"1675\">\n<li data-start=\"1413\" data-end=\"1484\">\n<p data-start=\"1415\" data-end=\"1484\">Estricto control de calidad interno y est\u00e1ndares de producci\u00f3n documentados<\/p>\n<\/li>\n<li data-start=\"1485\" data-end=\"1534\">\n<p data-start=\"1487\" data-end=\"1534\">Asesoramiento de ingenier\u00eda espec\u00edfico para cada aplicaci\u00f3n<\/p>\n<\/li>\n<li data-start=\"1535\" data-end=\"1600\">\n<p data-start=\"1537\" data-end=\"1600\">Comunicaci\u00f3n transparente desde la consulta hasta el soporte posventa<\/p>\n<\/li>\n<li data-start=\"1601\" data-end=\"1675\">\n<p data-start=\"1603\" data-end=\"1675\">Cooperaci\u00f3n a largo plazo con distribuidores internacionales y socios OEM<\/p>\n<\/li>\n<\/ul>\n<p data-start=\"1677\" data-end=\"1825\">Nuestro objetivo no es solo suministrar productos, sino convertirnos en un socio t\u00e9cnico confiable que respalde la continuidad de su producci\u00f3n y el crecimiento de su negocio.<\/p>\n<h2 data-start=\"1832\" data-end=\"1849\">\u00bfPor qu\u00e9 contactarnos?<\/h2>\n<p data-start=\"1851\" data-end=\"1914\">Le invitamos a ponerse en contacto con nosotros por cualquiera de los siguientes motivos:<\/p>\n<ul data-start=\"1916\" data-end=\"2424\">\n<li data-start=\"1916\" data-end=\"2014\">\n<p data-start=\"1918\" data-end=\"2014\"><strong data-start=\"1918\" data-end=\"1939\">Consultas sobre productos<\/strong> sobre cadenas de hornos de pasadores, cadenas transportadoras, ruedas dentadas o componentes relacionados<\/p>\n<\/li>\n<li data-start=\"2015\" data-end=\"2097\">\n<p data-start=\"2017\" data-end=\"2097\"><strong data-start=\"2017\" data-end=\"2043\">Solicitudes de dise\u00f1o personalizado<\/strong> basado en dibujos, muestras o condiciones de funcionamiento<\/p>\n<\/li>\n<li data-start=\"2098\" data-end=\"2183\">\n<p data-start=\"2100\" data-end=\"2183\"><strong data-start=\"2100\" data-end=\"2126\">Consulta t\u00e9cnica<\/strong> para l\u00edneas de hornos, sistemas de empacadoras o transportadores industriales<\/p>\n<\/li>\n<li data-start=\"2184\" data-end=\"2260\">\n<p data-start=\"2186\" data-end=\"2260\"><strong data-start=\"2186\" data-end=\"2225\">Informaci\u00f3n sobre cotizaciones y plazos de entrega<\/strong> Para pedidos al por mayor o basados \u200b\u200ben proyectos<\/p>\n<\/li>\n<li data-start=\"2261\" data-end=\"2343\">\n<p data-start=\"2263\" data-end=\"2343\"><strong data-start=\"2263\" data-end=\"2286\">Soporte posventa<\/strong> Incluyendo orientaci\u00f3n sobre instalaci\u00f3n y consejos de mantenimiento<\/p>\n<\/li>\n<li data-start=\"2344\" data-end=\"2424\">\n<p data-start=\"2346\" data-end=\"2424\"><strong data-start=\"2346\" data-end=\"2392\">Oportunidades de distribuci\u00f3n y cooperaci\u00f3n<\/strong> en mercados regionales o globales<\/p>\n<\/li>\n<\/ul>\n<p data-start=\"2426\" data-end=\"2558\">No importa el tama\u00f1o o la complejidad de su solicitud, nuestro equipo trata cada consulta con el mismo nivel de cuidado y atenci\u00f3n t\u00e9cnica.<\/p>\n<h2 data-start=\"2565\" data-end=\"2611\">Nuestra experiencia en soluciones para cadenas industriales<\/h2>\n<p data-start=\"2613\" data-end=\"2722\">Nuestras capacidades de ingenier\u00eda y producci\u00f3n cubren una amplia gama de aplicaciones, que incluyen, entre otras:<\/p>\n<ul data-start=\"2724\" data-end=\"3044\">\n<li data-start=\"2724\" data-end=\"2782\">\n<p data-start=\"2726\" data-end=\"2782\">Cadenas de hornos de pasadores para hornos industriales de panader\u00eda y secado<\/p>\n<\/li>\n<li data-start=\"2783\" data-end=\"2851\">\n<p data-start=\"2785\" data-end=\"2851\">Cadenas transportadoras resistentes al calor para el procesamiento t\u00e9rmico continuo<\/p>\n<\/li>\n<li data-start=\"2852\" data-end=\"2929\">\n<p data-start=\"2854\" data-end=\"2929\">Cadenas para empacadoras agr\u00edcolas, incluidos los sistemas de cadena para empacadoras redondas YG-1.0<\/p>\n<\/li>\n<li data-start=\"2930\" data-end=\"2985\">\n<p data-start=\"2932\" data-end=\"2985\">Accesorios, pasadores, bujes y rodillos personalizados<\/p>\n<\/li>\n<li data-start=\"2986\" data-end=\"3044\">\n<p data-start=\"2988\" data-end=\"3044\">Soluciones de cadenas resistentes a la corrosi\u00f3n y al desgaste<\/p>\n<\/li>\n<\/ul>\n<p data-start=\"3046\" data-end=\"3207\">Cada producto est\u00e1 dise\u00f1ado para enfrentar los desaf\u00edos operativos del mundo real, como altas temperaturas, carga continua, entornos abrasivos y ciclos de operaci\u00f3n prolongados.<\/p>\n<h2 data-start=\"3214\" data-end=\"3238\">Ubicaci\u00f3n y operaciones<\/h2>\n<p data-start=\"3240\" data-end=\"3350\"><strong data-start=\"3240\" data-end=\"3275\">Reino Unido PIN-OVEN-CHAIN.COM Co., Ltd.<\/strong><br data-start=\"3275\" data-end=\"3278\" \/>Bury St. Edmunds, Suffolk IP32 7L9<br data-start=\"3311\" data-end=\"3314\" \/>Empacadora cil\u00edndrica YG-1.0, Reino Unido<\/p>\n<p data-start=\"3352\" data-end=\"3613\">Nuestro punto de contacto en el Reino Unido nos permite mantener una comunicaci\u00f3n eficiente con los clientes europeos, a la vez que apoyamos las cadenas de suministro globales. Trabajamos en estrecha colaboraci\u00f3n con nuestros socios de producci\u00f3n y log\u00edstica para garantizar plazos de entrega constantes y la calidad del producto.<\/p>\n<h2 data-start=\"3620\" data-end=\"3649\">C\u00f3mo manejamos su consulta<\/h2>\n<p data-start=\"3651\" data-end=\"3739\">Cuando usted se pone en contacto con nosotros, su solicitud se gestiona a trav\u00e9s de un proceso estructurado y eficiente:<\/p>\n<ol data-start=\"3741\" data-end=\"4278\">\n<li data-start=\"3741\" data-end=\"3846\">\n<p data-start=\"3744\" data-end=\"3846\"><strong data-start=\"3744\" data-end=\"3762\">Revisi\u00f3n inicial<\/strong> \u2013 Su consulta es revisada por nuestro equipo t\u00e9cnico o comercial dentro de un d\u00eda h\u00e1bil.<\/p>\n<\/li>\n<li data-start=\"3847\" data-end=\"3960\">\n<p data-start=\"3850\" data-end=\"3960\"><strong data-start=\"3850\" data-end=\"3882\">Aclaraci\u00f3n y consulta<\/strong> \u2013 Si es necesario, solicitamos par\u00e1metros t\u00e9cnicos adicionales para garantizar la precisi\u00f3n.<\/p>\n<\/li>\n<li data-start=\"3961\" data-end=\"4065\">\n<p data-start=\"3964\" data-end=\"4065\"><strong data-start=\"3964\" data-end=\"3985\">Propuesta de soluci\u00f3n<\/strong> \u2013 Ofrecemos una recomendaci\u00f3n personalizada, incluyendo especificaciones y opciones.<\/p>\n<\/li>\n<li data-start=\"4066\" data-end=\"4167\">\n<p data-start=\"4069\" data-end=\"4167\"><strong data-start=\"4069\" data-end=\"4093\">Cotizaci\u00f3n y cronograma<\/strong> \u2013 Se comparten precios claros, plazos de producci\u00f3n y detalles de env\u00edo.<\/p>\n<\/li>\n<li data-start=\"4168\" data-end=\"4278\">\n<p data-start=\"4171\" data-end=\"4278\"><strong data-start=\"4171\" data-end=\"4200\">Soporte y seguimiento de pedidos<\/strong> \u2013 Desde la producci\u00f3n hasta la entrega y el servicio posventa, permanecemos disponibles.<\/p>\n<\/li>\n<\/ol>\n<p data-start=\"4280\" data-end=\"4356\">Este proceso garantiza claridad, eficiencia y responsabilidad en cada etapa.<\/p>\n<h2 data-start=\"4363\" data-end=\"4376\">Nuestros valores<\/h2>\n<ul data-start=\"4378\" data-end=\"4734\">\n<li data-start=\"4378\" data-end=\"4437\">\n<p data-start=\"4380\" data-end=\"4437\"><strong data-start=\"4380\" data-end=\"4393\">Precisi\u00f3n<\/strong> \u2013 Precisi\u00f3n de ingenier\u00eda en cada componente<\/p>\n<\/li>\n<li data-start=\"4438\" data-end=\"4509\">\n<p data-start=\"4440\" data-end=\"4509\"><strong data-start=\"4440\" data-end=\"4455\">Fiabilidad<\/strong> \u2013 Productos en los que puede confiar en operaciones cr\u00edticas<\/p>\n<\/li>\n<li data-start=\"4510\" data-end=\"4573\">\n<p data-start=\"4512\" data-end=\"4573\"><strong data-start=\"4512\" data-end=\"4528\">Transparencia<\/strong> \u2013 Comunicaci\u00f3n clara y plazos honestos<\/p>\n<\/li>\n<li data-start=\"4574\" data-end=\"4646\">\n<p data-start=\"4576\" data-end=\"4646\"><strong data-start=\"4576\" data-end=\"4591\">Asociaci\u00f3n<\/strong> \u2013 Cooperaci\u00f3n a largo plazo en lugar de transacciones a corto plazo<\/p>\n<\/li>\n<li data-start=\"4647\" data-end=\"4734\">\n<p data-start=\"4649\" data-end=\"4734\"><strong data-start=\"4649\" data-end=\"4675\">Mejora continua<\/strong> \u2013 Optimizaci\u00f3n continua de materiales, dise\u00f1o y servicio<\/p>\n<\/li>\n<\/ul>\n<p data-start=\"4736\" data-end=\"4807\">Estos valores gu\u00edan nuestras operaciones diarias y cada interacci\u00f3n con el cliente.<\/p>\n<h2 data-start=\"4814\" data-end=\"4856\">Clientes globales, mentalidad de servicio local<\/h2>\n<p data-start=\"4858\" data-end=\"5197\">Aunque nuestros clientes se encuentran en diversas regiones e industrias, siempre nos adherimos al principio de un servicio localizado. Entendemos que el tiempo de inactividad, los problemas de calidad o la mala comunicaci\u00f3n pueden tener un impacto significativo en las operaciones. Por lo tanto, priorizamos la respuesta r\u00e1pida, las explicaciones t\u00e9cnicas claras y las soluciones pr\u00e1cticas sobre los discursos de venta imprecisos.<\/p>\n<h2 data-start=\"5204\" data-end=\"5219\">Cont\u00e1ctanos<\/h2>\n<p data-start=\"5221\" data-end=\"5337\">Aceptamos consultas de fabricantes, ingenieros, equipos de adquisiciones, distribuidores y gerentes de proyectos de todo el mundo.<\/p>\n<p data-start=\"5339\" data-end=\"5383\"><strong data-start=\"5339\" data-end=\"5349\">Correo electr\u00f3nico:<\/strong><br data-start=\"5349\" data-end=\"5352\" \/>\ud83d\udce7 <a href=\"mailto:sales@pin-oven-chain.com\"><strong data-start=\"5355\" data-end=\"5383\">sales@pin-oven-chain.com<\/strong><\/a><\/p>\n<p data-start=\"5385\" data-end=\"5473\">Para un procesamiento m\u00e1s r\u00e1pido, recomendamos incluir la siguiente informaci\u00f3n en su mensaje:<\/p>\n<ul data-start=\"5474\" data-end=\"5647\">\n<li data-start=\"5474\" data-end=\"5507\">\n<p data-start=\"5476\" data-end=\"5507\">Tipo de aplicaci\u00f3n o equipo<\/p>\n<\/li>\n<li data-start=\"5508\" data-end=\"5559\">\n<p data-start=\"5510\" data-end=\"5559\">Condiciones de funcionamiento (temperatura, carga, velocidad)<\/p>\n<\/li>\n<li data-start=\"5560\" data-end=\"5601\">\n<p data-start=\"5562\" data-end=\"5601\">Modelo o dibujo de la cadena (si est\u00e1 disponible)<\/p>\n<\/li>\n<li data-start=\"5602\" data-end=\"5647\">\n<p data-start=\"5604\" data-end=\"5647\">Cantidad requerida y pa\u00eds de destino<\/p>\n<\/li>\n<\/ul>\n<p data-start=\"5649\" data-end=\"5727\">Proporcionar estos detalles nos ayuda a responder con mayor precisi\u00f3n y eficiencia.<\/p>\n<h2 data-start=\"5734\" data-end=\"5758\">Cooperaci\u00f3n a largo plazo<\/h2>\n<p data-start=\"5760\" data-end=\"6050\">Muchos de nuestros clientes mantienen relaciones a largo plazo con nosotros, confiando en nuestra calidad constante, s\u00f3lidas capacidades t\u00e9cnicas y eficiente capacidad para resolver problemas. Ya sea que necesite un reemplazo puntual de un producto o un suministro continuo para la producci\u00f3n en masa, atenderemos sus necesidades con profesionalismo y dedicaci\u00f3n.<\/p>\n<h2 data-start=\"6057\" data-end=\"6098\">Su socio confiable en la cadena industrial<\/h2>\n<p>Elegir PIN-OVEN-CHAIN.COM Ltd. en el Reino Unido significa elegir un socio centrado en la integridad de la ingenier\u00eda, la fiabilidad del suministro y el rendimiento real. Nos complace comprender su proyecto y conversar sobre c\u00f3mo nuestras soluciones pueden aportar valor a sus operaciones.<\/p>\n<p>Cont\u00e1ctenos hoy para experimentar la excelencia de un proveedor de cadena de suministro centrado en el cliente e impulsado por la tecnolog\u00eda.<\/p>","protected":false},"excerpt":{"rendered":"<p>Thank you for your interest in UK PIN-OVEN-CHAIN.COM Co., Ltd. We value every inquiry and see communication as the foundation of long-term, trustworthy partnerships. Whether you’re looking for supply chain solutions, exploring custom engineering solutions, or seeking a reliable manufacturing partner in the UK, our team is ready to assist you with professionalism, technical insight, [&hellip;]<\/p>","protected":false},"author":1,"featured_media":0,"parent":0,"menu_order":0,"comment_status":"closed","ping_status":"closed","template":"","meta":{"_et_pb_use_builder":"","_et_pb_old_content":"","_et_gb_content_width":""},"class_list":["post-404","page","type-page","status-publish","hentry"],"_links":{"self":[{"href":"https:\/\/pin-oven-chain.com\/es\/wp-json\/wp\/v2\/pages\/404","targetHints":{"allow":["GET"]}}],"collection":[{"href":"https:\/\/pin-oven-chain.com\/es\/wp-json\/wp\/v2\/pages"}],"about":[{"href":"https:\/\/pin-oven-chain.com\/es\/wp-json\/wp\/v2\/types\/page"}],"author":[{"embeddable":true,"href":"https:\/\/pin-oven-chain.com\/es\/wp-json\/wp\/v2\/users\/1"}],"replies":[{"embeddable":true,"href":"https:\/\/pin-oven-chain.com\/es\/wp-json\/wp\/v2\/comments?post=404"}],"version-history":[{"count":0,"href":"https:\/\/pin-oven-chain.com\/es\/wp-json\/wp\/v2\/pages\/404\/revisions"}],"wp:attachment":[{"href":"https:\/\/pin-oven-chain.com\/es\/wp-json\/wp\/v2\/media?parent=404"}],"curies":[{"name":"wp","href":"https:\/\/api.w.org\/{rel}","templated":true}]}}