{"id":404,"date":"2025-12-29T07:02:24","date_gmt":"2025-12-29T07:02:24","guid":{"rendered":"https:\/\/pin-oven-chain.com\/?page_id=404"},"modified":"2026-01-04T05:23:46","modified_gmt":"2026-01-04T05:23:46","slug":"kontaktieren-sie-uns","status":"publish","type":"page","link":"https:\/\/pin-oven-chain.com\/de\/kontaktieren-sie-uns\/","title":{"rendered":"Kontaktieren Sie uns"},"content":{"rendered":"<p style=\"text-align: center;\" data-start=\"50\" data-end=\"455\"><img loading=\"lazy\" decoding=\"async\" class=\"alignnone  wp-image-513\" src=\"https:\/\/pin-oven-chain.com\/wp-content\/uploads\/2026\/01\/ep-contact-3-300x200.webp\" alt=\"Kontaktieren Sie uns\" width=\"595\" height=\"396\" \/><\/p>\n<p data-start=\"50\" data-end=\"455\">Vielen Dank f\u00fcr Ihr Interesse an UK PIN-OVEN-CHAIN.COM Co., Ltd. Wir sch\u00e4tzen jede Anfrage und sehen Kommunikation als Grundlage f\u00fcr langfristige, vertrauensvolle Partnerschaften. Ob Sie nach L\u00f6sungen f\u00fcr Ihre Lieferkette suchen, individuelle Engineering-L\u00f6sungen in Betracht ziehen oder einen zuverl\u00e4ssigen Fertigungspartner in Gro\u00dfbritannien ben\u00f6tigen \u2013 unser Team unterst\u00fctzt Sie professionell, mit technischem Know-how und schnellem Service.<\/p>\n<h2 data-start=\"462\" data-end=\"475\">Wer wir sind<\/h2>\n<p data-start=\"477\" data-end=\"897\">UK PIN-OVEN-CHAIN.COM Co., Ltd. ist ein spezialisierter Lieferant und ingenieurtechnisch orientierter Hersteller von Industrieofenketten, Stiftofenketten, F\u00f6rderkettensystemen und robusten Antriebsl\u00f6sungen f\u00fcr Branchen weltweit. Von der Lebensmittelverarbeitung und Landmaschinen bis hin zu industriellen Back-, Trocknungs-, Beschichtungs- und W\u00e4rmebehandlungsanlagen sind unsere Produkte sorgf\u00e4ltig konstruiert, um auch unter h\u00e4rtesten Bedingungen zuverl\u00e4ssig zu funktionieren.<\/p>\n<p>Wir vereinen Materialwissenschaft, Maschinenbau und anwendungsorientiertes Design-Know-how und liefern so Produktionslinien mit l\u00e4ngerer Lebensdauer, stabilerer Leistung und niedrigeren Gesamtbetriebskosten. Jede unserer L\u00f6sungen ist auf Zuverl\u00e4ssigkeit, Sicherheit und Effizienz ausgerichtet.<\/p>\n<h2 data-start=\"1223\" data-end=\"1261\">Unser Bekenntnis zu Vertrauen und Qualit\u00e4t<\/h2>\n<p data-start=\"1263\" data-end=\"1411\">Wir handeln mit einem starken Fokus auf Erfahrung, Expertise, Autorit\u00e4t und Vertrauensw\u00fcrdigkeit (EEAT). Dieses Engagement spiegelt sich wider in:<\/p>\n<ul data-start=\"1413\" data-end=\"1675\">\n<li data-start=\"1413\" data-end=\"1484\">\n<p data-start=\"1415\" data-end=\"1484\">Strenge interne Qualit\u00e4tskontrolle und dokumentierte Produktionsstandards<\/p>\n<\/li>\n<li data-start=\"1485\" data-end=\"1534\">\n<p data-start=\"1487\" data-end=\"1534\">Anwendungsspezifische technische Beratung<\/p>\n<\/li>\n<li data-start=\"1535\" data-end=\"1600\">\n<p data-start=\"1537\" data-end=\"1600\">Transparente Kommunikation von der Anfrage bis zum Kundendienst<\/p>\n<\/li>\n<li data-start=\"1601\" data-end=\"1675\">\n<p data-start=\"1603\" data-end=\"1675\">Langfristige Zusammenarbeit mit internationalen Distributoren und OEM-Partnern<\/p>\n<\/li>\n<\/ul>\n<p data-start=\"1677\" data-end=\"1825\">Unser Ziel ist es nicht nur, Produkte zu liefern, sondern ein vertrauensw\u00fcrdiger technischer Partner zu werden, der Ihre Produktionskontinuit\u00e4t und Ihr Unternehmenswachstum unterst\u00fctzt.<\/p>\n<h2 data-start=\"1832\" data-end=\"1849\">Warum Sie uns kontaktieren sollten<\/h2>\n<p data-start=\"1851\" data-end=\"1914\">Sie k\u00f6nnen uns aus folgenden Gr\u00fcnden gerne kontaktieren:<\/p>\n<ul data-start=\"1916\" data-end=\"2424\">\n<li data-start=\"1916\" data-end=\"2014\">\n<p data-start=\"1918\" data-end=\"2014\"><strong data-start=\"1918\" data-end=\"1939\">Produktanfragen<\/strong> \u00fcber Stiftofenketten, F\u00f6rderketten, Kettenr\u00e4der oder \u00e4hnliche Komponenten<\/p>\n<\/li>\n<li data-start=\"2015\" data-end=\"2097\">\n<p data-start=\"2017\" data-end=\"2097\"><strong data-start=\"2017\" data-end=\"2043\">Sonderanfertigungsanfragen<\/strong> basierend auf Zeichnungen, Mustern oder Betriebsbedingungen<\/p>\n<\/li>\n<li data-start=\"2098\" data-end=\"2183\">\n<p data-start=\"2100\" data-end=\"2183\"><strong data-start=\"2100\" data-end=\"2126\">Technische Beratung<\/strong> f\u00fcr Ofenlinien, Ballenpressen oder industrielle F\u00f6rderb\u00e4nder<\/p>\n<\/li>\n<li data-start=\"2184\" data-end=\"2260\">\n<p data-start=\"2186\" data-end=\"2260\"><strong data-start=\"2186\" data-end=\"2225\">Informationen zu Angeboten und Lieferzeiten<\/strong> f\u00fcr Gro\u00df- oder projektbezogene Bestellungen<\/p>\n<\/li>\n<li data-start=\"2261\" data-end=\"2343\">\n<p data-start=\"2263\" data-end=\"2343\"><strong data-start=\"2263\" data-end=\"2286\">Kundendienst<\/strong> einschlie\u00dflich Installationsanleitung und Wartungshinweisen<\/p>\n<\/li>\n<li data-start=\"2344\" data-end=\"2424\">\n<p data-start=\"2346\" data-end=\"2424\"><strong data-start=\"2346\" data-end=\"2392\">Vertriebs- und Kooperationsm\u00f6glichkeiten<\/strong> auf regionalen oder globalen M\u00e4rkten<\/p>\n<\/li>\n<\/ul>\n<p data-start=\"2426\" data-end=\"2558\">Unabh\u00e4ngig von Umfang und Komplexit\u00e4t Ihrer Anfrage behandelt unser Team jede Anfrage mit der gleichen Sorgfalt und technischen Aufmerksamkeit.<\/p>\n<h2 data-start=\"2565\" data-end=\"2611\">Unsere Expertise in industriellen Wertsch\u00f6pfungskettenl\u00f6sungen<\/h2>\n<p data-start=\"2613\" data-end=\"2722\">Unsere Entwicklungs- und Produktionskapazit\u00e4ten decken ein breites Anwendungsgebiet ab, einschlie\u00dflich, aber nicht beschr\u00e4nkt auf:<\/p>\n<ul data-start=\"2724\" data-end=\"3044\">\n<li data-start=\"2724\" data-end=\"2782\">\n<p data-start=\"2726\" data-end=\"2782\">Stiftofenketten f\u00fcr industrielle Back- und Trocken\u00f6fen<\/p>\n<\/li>\n<li data-start=\"2783\" data-end=\"2851\">\n<p data-start=\"2785\" data-end=\"2851\">Hitzebest\u00e4ndige F\u00f6rderketten f\u00fcr die kontinuierliche W\u00e4rmebehandlung<\/p>\n<\/li>\n<li data-start=\"2852\" data-end=\"2929\">\n<p data-start=\"2854\" data-end=\"2929\">Ketten f\u00fcr landwirtschaftliche Ballenpressen, einschlie\u00dflich der Rundballenpressenkettensysteme YG-1.0<\/p>\n<\/li>\n<li data-start=\"2930\" data-end=\"2985\">\n<p data-start=\"2932\" data-end=\"2985\">Kundenspezifische Anbauteile, Bolzen, Buchsen und Rollen<\/p>\n<\/li>\n<li data-start=\"2986\" data-end=\"3044\">\n<p data-start=\"2988\" data-end=\"3044\">Korrosionsbest\u00e4ndige und verschlei\u00dffeste Kettenl\u00f6sungen<\/p>\n<\/li>\n<\/ul>\n<p data-start=\"3046\" data-end=\"3207\">Jedes Produkt ist so konzipiert, dass es realen Betriebsanforderungen wie hohen Temperaturen, Dauerbelastung, abrasiven Umgebungen und verl\u00e4ngerten Betriebszyklen gerecht wird.<\/p>\n<h2 data-start=\"3214\" data-end=\"3238\">Standort &amp; Betrieb<\/h2>\n<p data-start=\"3240\" data-end=\"3350\"><strong data-start=\"3240\" data-end=\"3275\">UK PIN-OVEN-CHAIN.COM Co., Ltd.<\/strong><br data-start=\"3275\" data-end=\"3278\" \/>Bury St Edmunds, Suffolk IP32 7L9<br data-start=\"3311\" data-end=\"3314\" \/>YG-1.0 Rundballenpresse, Vereinigtes K\u00f6nigreich<\/p>\n<p data-start=\"3352\" data-end=\"3613\">Unser Kontaktpunkt in Gro\u00dfbritannien erm\u00f6glicht uns die effiziente Kommunikation mit europ\u00e4ischen Kunden und unterst\u00fctzt gleichzeitig globale Lieferketten. Wir arbeiten eng mit unseren Produktions- und Logistikpartnern zusammen, um gleichbleibende Lieferzeiten und Produktqualit\u00e4t zu gew\u00e4hrleisten.<\/p>\n<h2 data-start=\"3620\" data-end=\"3649\">Wie wir Ihre Anfrage bearbeiten<\/h2>\n<p data-start=\"3651\" data-end=\"3739\">Wenn Sie uns kontaktieren, wird Ihre Anfrage \u00fcber einen strukturierten und effizienten Prozess bearbeitet:<\/p>\n<ol data-start=\"3741\" data-end=\"4278\">\n<li data-start=\"3741\" data-end=\"3846\">\n<p data-start=\"3744\" data-end=\"3846\"><strong data-start=\"3744\" data-end=\"3762\">Erste \u00dcberpr\u00fcfung<\/strong> \u2013 Ihre Anfrage wird innerhalb eines Werktages von unserem technischen Team oder Vertriebsteam gepr\u00fcft.<\/p>\n<\/li>\n<li data-start=\"3847\" data-end=\"3960\">\n<p data-start=\"3850\" data-end=\"3960\"><strong data-start=\"3850\" data-end=\"3882\">Kl\u00e4rung &amp; Beratung<\/strong> \u2013 Falls erforderlich, fordern wir zus\u00e4tzliche technische Parameter an, um die Genauigkeit zu gew\u00e4hrleisten.<\/p>\n<\/li>\n<li data-start=\"3961\" data-end=\"4065\">\n<p data-start=\"3964\" data-end=\"4065\"><strong data-start=\"3964\" data-end=\"3985\">L\u00f6sungsvorschlag<\/strong> \u2013 Wir bieten Ihnen eine ma\u00dfgeschneiderte Empfehlung inklusive Spezifikationen und Optionen.<\/p>\n<\/li>\n<li data-start=\"4066\" data-end=\"4167\">\n<p data-start=\"4069\" data-end=\"4167\"><strong data-start=\"4069\" data-end=\"4093\">Angebot &amp; Zeitplan<\/strong> \u2013 Es werden transparente Preisinformationen, Produktionsvorlaufzeiten und Versanddetails mitgeteilt.<\/p>\n<\/li>\n<li data-start=\"4168\" data-end=\"4278\">\n<p data-start=\"4171\" data-end=\"4278\"><strong data-start=\"4171\" data-end=\"4200\">Bestellsupport &amp; Nachverfolgung<\/strong> \u2013 Von der Produktion \u00fcber die Auslieferung bis hin zum Kundendienst sind wir jederzeit f\u00fcr Sie da.<\/p>\n<\/li>\n<\/ol>\n<p data-start=\"4280\" data-end=\"4356\">Dieser Prozess gew\u00e4hrleistet Klarheit, Effizienz und Verantwortlichkeit in jeder Phase.<\/p>\n<h2 data-start=\"4363\" data-end=\"4376\">Unsere Werte<\/h2>\n<ul data-start=\"4378\" data-end=\"4734\">\n<li data-start=\"4378\" data-end=\"4437\">\n<p data-start=\"4380\" data-end=\"4437\"><strong data-start=\"4380\" data-end=\"4393\">Pr\u00e4zision<\/strong> \u2013 Pr\u00e4zision in der Konstruktion jeder Komponente<\/p>\n<\/li>\n<li data-start=\"4438\" data-end=\"4509\">\n<p data-start=\"4440\" data-end=\"4509\"><strong data-start=\"4440\" data-end=\"4455\">Zuverl\u00e4ssigkeit<\/strong> \u2013 Produkte, auf die Sie sich in kritischen Betriebsabl\u00e4ufen verlassen k\u00f6nnen.<\/p>\n<\/li>\n<li data-start=\"4510\" data-end=\"4573\">\n<p data-start=\"4512\" data-end=\"4573\"><strong data-start=\"4512\" data-end=\"4528\">Transparenz<\/strong> \u2013 Klare Kommunikation und realistische Zeitpl\u00e4ne<\/p>\n<\/li>\n<li data-start=\"4574\" data-end=\"4646\">\n<p data-start=\"4576\" data-end=\"4646\"><strong data-start=\"4576\" data-end=\"4591\">Partnerschaft<\/strong> \u2013 Langfristige Zusammenarbeit statt kurzfristiger Transaktionen<\/p>\n<\/li>\n<li data-start=\"4647\" data-end=\"4734\">\n<p data-start=\"4649\" data-end=\"4734\"><strong data-start=\"4649\" data-end=\"4675\">Kontinuierliche Verbesserung<\/strong> \u2013 Kontinuierliche Optimierung von Materialien, Design und Service<\/p>\n<\/li>\n<\/ul>\n<p data-start=\"4736\" data-end=\"4807\">Diese Werte leiten unser t\u00e4gliches Handeln und jede Interaktion mit unseren Kunden.<\/p>\n<h2 data-start=\"4814\" data-end=\"4856\">Globale Kunden, lokaler Servicegedanke<\/h2>\n<p data-start=\"4858\" data-end=\"5197\">Obwohl unsere Kunden in verschiedenen Regionen und Branchen ans\u00e4ssig sind, halten wir uns stets an den Grundsatz des lokalen Service. Wir wissen, dass Ausfallzeiten, Qualit\u00e4tsprobleme oder mangelhafte Kommunikation erhebliche Auswirkungen auf den Gesch\u00e4ftsbetrieb haben k\u00f6nnen. Daher legen wir Wert auf schnelle Reaktionszeiten, verst\u00e4ndliche technische Erkl\u00e4rungen und praxisorientierte L\u00f6sungen \u2013 und nicht auf vage Verkaufsargumente.<\/p>\n<h2 data-start=\"5204\" data-end=\"5219\">Nehmen Sie Kontakt auf<\/h2>\n<p data-start=\"5221\" data-end=\"5337\">Wir begr\u00fc\u00dfen Anfragen von Herstellern, Ingenieuren, Einkaufsteams, H\u00e4ndlern und Projektmanagern weltweit.<\/p>\n<p data-start=\"5339\" data-end=\"5383\"><strong data-start=\"5339\" data-end=\"5349\">E-Mail:<\/strong><br data-start=\"5349\" data-end=\"5352\" \/>\ud83d\udce7 <a href=\"mailto:sales@pin-oven-chain.com\"><strong data-start=\"5355\" data-end=\"5383\">sales@pin-oven-chain.com<\/strong><\/a><\/p>\n<p data-start=\"5385\" data-end=\"5473\">F\u00fcr eine schnellere Bearbeitung empfehlen wir Ihnen, die folgenden Informationen in Ihre Nachricht aufzunehmen:<\/p>\n<ul data-start=\"5474\" data-end=\"5647\">\n<li data-start=\"5474\" data-end=\"5507\">\n<p data-start=\"5476\" data-end=\"5507\">Anwendungs- oder Ger\u00e4tetyp<\/p>\n<\/li>\n<li data-start=\"5508\" data-end=\"5559\">\n<p data-start=\"5510\" data-end=\"5559\">Betriebsbedingungen (Temperatur, Last, Drehzahl)<\/p>\n<\/li>\n<li data-start=\"5560\" data-end=\"5601\">\n<p data-start=\"5562\" data-end=\"5601\">Kettenmodell oder Zeichnung (falls vorhanden)<\/p>\n<\/li>\n<li data-start=\"5602\" data-end=\"5647\">\n<p data-start=\"5604\" data-end=\"5647\">Erforderliche Menge und Zielland<\/p>\n<\/li>\n<\/ul>\n<p data-start=\"5649\" data-end=\"5727\">Die Angabe dieser Details hilft uns, genauer und effizienter zu reagieren.<\/p>\n<h2 data-start=\"5734\" data-end=\"5758\">Langfristige Zusammenarbeit<\/h2>\n<p data-start=\"5760\" data-end=\"6050\">Viele unserer Kunden pflegen langj\u00e4hrige Partnerschaften mit uns und vertrauen auf unsere gleichbleibende Qualit\u00e4t, unsere hohe technische Kompetenz und unsere effizienten Probleml\u00f6sungsf\u00e4higkeiten. Ob Sie einen einmaligen Produktaustausch oder eine kontinuierliche Versorgung f\u00fcr Ihre Serienproduktion ben\u00f6tigen \u2013 wir erf\u00fcllen Ihre Anforderungen professionell und engagiert.<\/p>\n<h2 data-start=\"6057\" data-end=\"6098\">Ihr zuverl\u00e4ssiger Partner f\u00fcr die industrielle Wertsch\u00f6pfungskette<\/h2>\n<p>Mit PIN-OVEN-CHAIN.COM Ltd. in Gro\u00dfbritannien entscheiden Sie sich f\u00fcr einen Partner, der Wert auf technische Integrit\u00e4t, zuverl\u00e4ssige Lieferungen und tats\u00e4chliche Leistung legt. Wir freuen uns darauf, Ihr Projekt kennenzulernen und mit Ihnen zu besprechen, wie unsere L\u00f6sungen Ihre Betriebsabl\u00e4ufe optimieren k\u00f6nnen.<\/p>\n<p>Kontaktieren Sie uns noch heute und erleben Sie die Exzellenz eines technologieorientierten, kundenzentrierten Supply-Chain-Anbieters.<\/p>","protected":false},"excerpt":{"rendered":"<p>Thank you for your interest in UK PIN-OVEN-CHAIN.COM Co., Ltd. We value every inquiry and see communication as the foundation of long-term, trustworthy partnerships. Whether you’re looking for supply chain solutions, exploring custom engineering solutions, or seeking a reliable manufacturing partner in the UK, our team is ready to assist you with professionalism, technical insight, [&hellip;]<\/p>","protected":false},"author":1,"featured_media":0,"parent":0,"menu_order":0,"comment_status":"closed","ping_status":"closed","template":"","meta":{"_et_pb_use_builder":"","_et_pb_old_content":"","_et_gb_content_width":""},"class_list":["post-404","page","type-page","status-publish","hentry"],"_links":{"self":[{"href":"https:\/\/pin-oven-chain.com\/de\/wp-json\/wp\/v2\/pages\/404","targetHints":{"allow":["GET"]}}],"collection":[{"href":"https:\/\/pin-oven-chain.com\/de\/wp-json\/wp\/v2\/pages"}],"about":[{"href":"https:\/\/pin-oven-chain.com\/de\/wp-json\/wp\/v2\/types\/page"}],"author":[{"embeddable":true,"href":"https:\/\/pin-oven-chain.com\/de\/wp-json\/wp\/v2\/users\/1"}],"replies":[{"embeddable":true,"href":"https:\/\/pin-oven-chain.com\/de\/wp-json\/wp\/v2\/comments?post=404"}],"version-history":[{"count":0,"href":"https:\/\/pin-oven-chain.com\/de\/wp-json\/wp\/v2\/pages\/404\/revisions"}],"wp:attachment":[{"href":"https:\/\/pin-oven-chain.com\/de\/wp-json\/wp\/v2\/media?parent=404"}],"curies":[{"name":"wp","href":"https:\/\/api.w.org\/{rel}","templated":true}]}}